{"id":552888,"date":"2025-02-14T12:50:48","date_gmt":"2025-02-14T11:50:48","guid":{"rendered":"https:\/\/tilefly.com\/producto\/side-20x20\/"},"modified":"2025-02-15T02:09:15","modified_gmt":"2025-02-15T01:09:15","slug":"side-20x20","status":"publish","type":"product","link":"https:\/\/tilefly.com\/fr\/produit\/side-20x20\/","title":{"rendered":"SIDE 20X20"},"content":{"rendered":"<h2><strong>C\u00d4T\u00c9 20X20<\/strong><\/h2><p>Plongez dans la chaleur et le caract\u00e8re du mod\u00e8le SIDE 20X20 de la collection <a href=\"https:\/\/tilefly.com\/producto\/esencia-materia\/\">Esencia Materia<\/a>, un gr\u00e8s c\u00e9rame marron qui \u00e9voque l&#8217;authenticit\u00e9 de la terre cuite. Avec son format de 20&#215;20 cm, ce mod\u00e8le apporte une touche rustique et accueillante \u00e0 n&#8217;importe quel environnement, en cr\u00e9ant des espaces pleins de charme et de personnalit\u00e9. Sa finition mate, lisse et naturelle, met en valeur la beaut\u00e9 du mat\u00e9riau, tandis que ses propri\u00e9t\u00e9s antid\u00e9rapantes garantissent la s\u00e9curit\u00e9 et le confort dans votre maison. SIDE 20X20 est le choix id\u00e9al pour ceux qui recherchent un design avec \u00e2me et tradition, qui transmet chaleur et authenticit\u00e9.   <\/p>","protected":false},"excerpt":{"rendered":"<p>C\u00d4T\u00c9 20X20Plongez dans la chaleur et le caract\u00e8re du mod\u00e8le SIDE 20X20 de la collection Esencia Materia, un gr\u00e8s c\u00e9rame marron qui \u00e9voque l&#8217;authenticit\u00e9 de la terre cuite. Avec son format de 20&#215;20 cm, ce mod\u00e8le apporte une touche rustique et accueillante \u00e0 n&#8217;importe quel environnement, en cr\u00e9ant des espaces pleins de charme et de [&hellip;]<\/p>\n","protected":false},"featured_media":551319,"comment_status":"open","ping_status":"closed","template":"","meta":[],"product_brand":[],"product_cat":[353,355,356,354],"product_tag":[],"class_list":{"0":"post-552888","1":"product","2":"type-product","3":"status-publish","4":"has-post-thumbnail","6":"product_cat-carrelage","7":"product_cat-cuisines","8":"product_cat-faiences","9":"product_cat-carrelage-salle-de-bain","11":"first","12":"instock","13":"shipping-taxable","14":"purchasable","15":"product-type-simple"},"_links":{"self":[{"href":"https:\/\/tilefly.com\/fr\/wp-json\/wp\/v2\/product\/552888","targetHints":{"allow":["GET"]}}],"collection":[{"href":"https:\/\/tilefly.com\/fr\/wp-json\/wp\/v2\/product"}],"about":[{"href":"https:\/\/tilefly.com\/fr\/wp-json\/wp\/v2\/types\/product"}],"replies":[{"embeddable":true,"href":"https:\/\/tilefly.com\/fr\/wp-json\/wp\/v2\/comments?post=552888"}],"wp:featuredmedia":[{"embeddable":true,"href":"https:\/\/tilefly.com\/fr\/wp-json\/wp\/v2\/media\/551319"}],"wp:attachment":[{"href":"https:\/\/tilefly.com\/fr\/wp-json\/wp\/v2\/media?parent=552888"}],"wp:term":[{"taxonomy":"product_brand","embeddable":true,"href":"https:\/\/tilefly.com\/fr\/wp-json\/wp\/v2\/product_brand?post=552888"},{"taxonomy":"product_cat","embeddable":true,"href":"https:\/\/tilefly.com\/fr\/wp-json\/wp\/v2\/product_cat?post=552888"},{"taxonomy":"product_tag","embeddable":true,"href":"https:\/\/tilefly.com\/fr\/wp-json\/wp\/v2\/product_tag?post=552888"}],"curies":[{"name":"wp","href":"https:\/\/api.w.org\/{rel}","templated":true}]}}