{"id":552887,"date":"2025-02-14T12:50:39","date_gmt":"2025-02-14T11:50:39","guid":{"rendered":"https:\/\/tilefly.com\/producto\/circle-20x20\/"},"modified":"2025-02-15T02:09:14","modified_gmt":"2025-02-15T01:09:14","slug":"circle-20x20","status":"publish","type":"product","link":"https:\/\/tilefly.com\/fr\/produit\/circle-20x20\/","title":{"rendered":"CIRCLE 20X20"},"content":{"rendered":"<h2><strong>CIRCLE 20X20<\/strong><\/h2><p>D\u00e9couvrez la beaut\u00e9 intemporelle du mod\u00e8le CIRCLE 20X20 de la collection <a href=\"https:\/\/tilefly.com\/producto\/esencia-materia\/\">Esencia Materia<\/a>, o\u00f9 la tradition rencontre l&#8217;innovation dans un design unique. Ce gr\u00e8s c\u00e9rame, avec sa couleur brune chaude et son format 20&#215;20 cm, \u00e9voque l&#8217;essence de l&#8217;argile faite \u00e0 la main, apportant une touche rustique et accueillante \u00e0 n&#8217;importe quel espace. Sa finition mate, douce au toucher, renforce le caract\u00e8re naturel du mat\u00e9riau, tandis que ses propri\u00e9t\u00e9s antid\u00e9rapantes garantissent la s\u00e9curit\u00e9 et le confort dans votre maison. Id\u00e9al pour cr\u00e9er des environnements qui respirent l&#8217;authenticit\u00e9 et la chaleur, CIRCLE 20X20 est le choix parfait pour ceux qui recherchent un design avec de l&#8217;\u00e2me et du caract\u00e8re.   <\/p>","protected":false},"excerpt":{"rendered":"<p>CIRCLE 20X20D\u00e9couvrez la beaut\u00e9 intemporelle du mod\u00e8le CIRCLE 20X20 de la collection Esencia Materia, o\u00f9 la tradition rencontre l&#8217;innovation dans un design unique. Ce gr\u00e8s c\u00e9rame, avec sa couleur brune chaude et son format 20&#215;20 cm, \u00e9voque l&#8217;essence de l&#8217;argile faite \u00e0 la main, apportant une touche rustique et accueillante \u00e0 n&#8217;importe quel espace. Sa [&hellip;]<\/p>\n","protected":false},"featured_media":551293,"comment_status":"open","ping_status":"closed","template":"","meta":[],"product_brand":[],"product_cat":[353,355,356,354],"product_tag":[],"class_list":{"0":"post-552887","1":"product","2":"type-product","3":"status-publish","4":"has-post-thumbnail","6":"product_cat-carrelage","7":"product_cat-cuisines","8":"product_cat-faiences","9":"product_cat-carrelage-salle-de-bain","11":"first","12":"instock","13":"shipping-taxable","14":"purchasable","15":"product-type-simple"},"_links":{"self":[{"href":"https:\/\/tilefly.com\/fr\/wp-json\/wp\/v2\/product\/552887","targetHints":{"allow":["GET"]}}],"collection":[{"href":"https:\/\/tilefly.com\/fr\/wp-json\/wp\/v2\/product"}],"about":[{"href":"https:\/\/tilefly.com\/fr\/wp-json\/wp\/v2\/types\/product"}],"replies":[{"embeddable":true,"href":"https:\/\/tilefly.com\/fr\/wp-json\/wp\/v2\/comments?post=552887"}],"wp:featuredmedia":[{"embeddable":true,"href":"https:\/\/tilefly.com\/fr\/wp-json\/wp\/v2\/media\/551293"}],"wp:attachment":[{"href":"https:\/\/tilefly.com\/fr\/wp-json\/wp\/v2\/media?parent=552887"}],"wp:term":[{"taxonomy":"product_brand","embeddable":true,"href":"https:\/\/tilefly.com\/fr\/wp-json\/wp\/v2\/product_brand?post=552887"},{"taxonomy":"product_cat","embeddable":true,"href":"https:\/\/tilefly.com\/fr\/wp-json\/wp\/v2\/product_cat?post=552887"},{"taxonomy":"product_tag","embeddable":true,"href":"https:\/\/tilefly.com\/fr\/wp-json\/wp\/v2\/product_tag?post=552887"}],"curies":[{"name":"wp","href":"https:\/\/api.w.org\/{rel}","templated":true}]}}