{"id":552875,"date":"2025-02-14T12:42:33","date_gmt":"2025-02-14T11:42:33","guid":{"rendered":"https:\/\/tilefly.com\/producto\/cleo-natural-20x20\/"},"modified":"2025-02-15T02:08:59","modified_gmt":"2025-02-15T01:08:59","slug":"cleo-natural-20x20","status":"publish","type":"product","link":"https:\/\/tilefly.com\/fr\/produit\/cleo-natural-20x20\/","title":{"rendered":"CLEO NATURAL 20X20"},"content":{"rendered":"<h2><strong>CLEO NATUREL 20X20<\/strong><\/h2><p><b>CLEO NATURAL 20X20<\/b> est un carreau de sol qui c\u00e9l\u00e8bre la puret\u00e9 et la simplicit\u00e9 des mat\u00e9riaux naturels. Sa couleur naturelle, inspir\u00e9e de la pierre calcaire non trait\u00e9e, apporte une touche de lumi\u00e8re et de chaleur \u00e0 tout espace. Ces carreaux de 20&#215;20 cm, en gr\u00e8s c\u00e9rame r\u00e9sistant, sont id\u00e9aux pour les sols gr\u00e2ce \u00e0 leur durabilit\u00e9 et leur facilit\u00e9 d&#8217;entretien. Leurs propri\u00e9t\u00e9s antid\u00e9rapantes permettent de les utiliser en toute s\u00e9curit\u00e9 \u00e0 l&#8217;int\u00e9rieur comme \u00e0 l&#8217;ext\u00e9rieur. La finition mate met en valeur la texture et la beaut\u00e9 naturelle du mat\u00e9riau. Connectez-vous avec la nature gr\u00e2ce \u00e0 <a href=\"https:\/\/tilefly.com\/producto\/esencia-materia\/\">Esencia Materia<\/a>.     <\/p>","protected":false},"excerpt":{"rendered":"<p>CLEO NATUREL 20X20CLEO NATURAL 20X20 est un carreau de sol qui c\u00e9l\u00e8bre la puret\u00e9 et la simplicit\u00e9 des mat\u00e9riaux naturels. Sa couleur naturelle, inspir\u00e9e de la pierre calcaire non trait\u00e9e, apporte une touche de lumi\u00e8re et de chaleur \u00e0 tout espace. Ces carreaux de 20&#215;20 cm, en gr\u00e8s c\u00e9rame r\u00e9sistant, sont id\u00e9aux pour les sols [&hellip;]<\/p>\n","protected":false},"featured_media":551267,"comment_status":"open","ping_status":"closed","template":"","meta":[],"product_brand":[],"product_cat":[353,355,356,354],"product_tag":[],"class_list":{"0":"post-552875","1":"product","2":"type-product","3":"status-publish","4":"has-post-thumbnail","6":"product_cat-carrelage","7":"product_cat-cuisines","8":"product_cat-faiences","9":"product_cat-carrelage-salle-de-bain","11":"first","12":"instock","13":"shipping-taxable","14":"purchasable","15":"product-type-simple"},"_links":{"self":[{"href":"https:\/\/tilefly.com\/fr\/wp-json\/wp\/v2\/product\/552875","targetHints":{"allow":["GET"]}}],"collection":[{"href":"https:\/\/tilefly.com\/fr\/wp-json\/wp\/v2\/product"}],"about":[{"href":"https:\/\/tilefly.com\/fr\/wp-json\/wp\/v2\/types\/product"}],"replies":[{"embeddable":true,"href":"https:\/\/tilefly.com\/fr\/wp-json\/wp\/v2\/comments?post=552875"}],"wp:featuredmedia":[{"embeddable":true,"href":"https:\/\/tilefly.com\/fr\/wp-json\/wp\/v2\/media\/551267"}],"wp:attachment":[{"href":"https:\/\/tilefly.com\/fr\/wp-json\/wp\/v2\/media?parent=552875"}],"wp:term":[{"taxonomy":"product_brand","embeddable":true,"href":"https:\/\/tilefly.com\/fr\/wp-json\/wp\/v2\/product_brand?post=552875"},{"taxonomy":"product_cat","embeddable":true,"href":"https:\/\/tilefly.com\/fr\/wp-json\/wp\/v2\/product_cat?post=552875"},{"taxonomy":"product_tag","embeddable":true,"href":"https:\/\/tilefly.com\/fr\/wp-json\/wp\/v2\/product_tag?post=552875"}],"curies":[{"name":"wp","href":"https:\/\/api.w.org\/{rel}","templated":true}]}}