{"id":552862,"date":"2025-02-14T12:57:13","date_gmt":"2025-02-14T11:57:13","guid":{"rendered":"https:\/\/tilefly.com\/producto\/reto-oxide-red-94x282\/"},"modified":"2025-02-15T02:07:44","modified_gmt":"2025-02-15T01:07:44","slug":"reto-oxide-red-94x282","status":"publish","type":"product","link":"https:\/\/tilefly.com\/fr\/produit\/reto-oxide-red-94x282\/","title":{"rendered":"RETO OXIDE RED 9,4X28,2"},"content":{"rendered":"<h2><strong>OXYDE DE D\u00c9FI ROUGE 9,4X28,2<\/strong><\/h2><p>Osez l&#8217;intensit\u00e9 et le caract\u00e8re du carreau &#8220;RETO OXIDE RED&#8221; de la collection <a href=\"https:\/\/tilefly.com\/producto\/esencia-materia\/\">Esencia Materia<\/a>. Avec un format de 9,4&#215;28,2 cm, ce carreau en gr\u00e8s c\u00e9rame capture l&#8217;essence des mat\u00e9riaux authentiques, r\u00e9interpr\u00e9t\u00e9s pour le design d&#8217;aujourd&#8217;hui. Sa finition brillante dans un ton rouille audacieux ajoute une touche de chaleur et de personnalit\u00e9 \u00e0 n&#8217;importe quel environnement. Id\u00e9al pour les sols et les murs, ce carreau se distingue par sa durabilit\u00e9 et sa r\u00e9sistance, parfaites pour les zones \u00e0 fort trafic. La s\u00e9rie &#8220;Esencia Materia&#8221;, cr\u00e9\u00e9e en collaboration avec le c\u00e9l\u00e8bre architecte d&#8217;int\u00e9rieur Erico Navazo, cherche \u00e0 mettre en valeur la beaut\u00e9 naturelle de mat\u00e9riaux tels que l&#8217;argile, le pl\u00e2tre et la pierre, et ce carreau en est un exemple \u00e9vident. Son format non rectifi\u00e9 lui conf\u00e8re un charme artisanal, \u00e9voquant l&#8217;imperfection et l&#8217;unicit\u00e9 des \u00e9l\u00e9ments naturels.     <\/p><p>Chaque pi\u00e8ce de RETO OXIDE RED raconte une histoire, apportant chaleur et caract\u00e8re \u00e0 vos espaces. Sa couleur &#8220;rouge&#8221;, audacieuse et polyvalente, se marie parfaitement avec un large \u00e9ventail de styles d\u00e9coratifs, du rustique au contemporain. Transformez vos espaces avec ce carreau qui red\u00e9finit l&#8217;esth\u00e9tique traditionnelle, en la fusionnant avec l&#8217;innovation et la qualit\u00e9 qui caract\u00e9risent la s\u00e9rie <a href=\"https:\/\/tilefly.com\/producto\/esencia-materia\/\">Esencia Materia<\/a>.  <\/p>","protected":false},"excerpt":{"rendered":"<p>OXYDE DE D\u00c9FI ROUGE 9,4X28,2Osez l&#8217;intensit\u00e9 et le caract\u00e8re du carreau &#8220;RETO OXIDE RED&#8221; de la collection Esencia Materia. Avec un format de 9,4&#215;28,2 cm, ce carreau en gr\u00e8s c\u00e9rame capture l&#8217;essence des mat\u00e9riaux authentiques, r\u00e9interpr\u00e9t\u00e9s pour le design d&#8217;aujourd&#8217;hui. Sa finition brillante dans un ton rouille audacieux ajoute une touche de chaleur et de [&hellip;]<\/p>\n","protected":false},"featured_media":551644,"comment_status":"open","ping_status":"closed","template":"","meta":[],"product_brand":[],"product_cat":[353,355,356,354],"product_tag":[],"class_list":{"0":"post-552862","1":"product","2":"type-product","3":"status-publish","4":"has-post-thumbnail","6":"product_cat-carrelage","7":"product_cat-cuisines","8":"product_cat-faiences","9":"product_cat-carrelage-salle-de-bain","11":"first","12":"outofstock","13":"shipping-taxable","14":"purchasable","15":"product-type-simple"},"_links":{"self":[{"href":"https:\/\/tilefly.com\/fr\/wp-json\/wp\/v2\/product\/552862","targetHints":{"allow":["GET"]}}],"collection":[{"href":"https:\/\/tilefly.com\/fr\/wp-json\/wp\/v2\/product"}],"about":[{"href":"https:\/\/tilefly.com\/fr\/wp-json\/wp\/v2\/types\/product"}],"replies":[{"embeddable":true,"href":"https:\/\/tilefly.com\/fr\/wp-json\/wp\/v2\/comments?post=552862"}],"wp:featuredmedia":[{"embeddable":true,"href":"https:\/\/tilefly.com\/fr\/wp-json\/wp\/v2\/media\/551644"}],"wp:attachment":[{"href":"https:\/\/tilefly.com\/fr\/wp-json\/wp\/v2\/media?parent=552862"}],"wp:term":[{"taxonomy":"product_brand","embeddable":true,"href":"https:\/\/tilefly.com\/fr\/wp-json\/wp\/v2\/product_brand?post=552862"},{"taxonomy":"product_cat","embeddable":true,"href":"https:\/\/tilefly.com\/fr\/wp-json\/wp\/v2\/product_cat?post=552862"},{"taxonomy":"product_tag","embeddable":true,"href":"https:\/\/tilefly.com\/fr\/wp-json\/wp\/v2\/product_tag?post=552862"}],"curies":[{"name":"wp","href":"https:\/\/api.w.org\/{rel}","templated":true}]}}