{"id":552852,"date":"2025-02-14T12:57:07","date_gmt":"2025-02-14T11:57:07","guid":{"rendered":"https:\/\/tilefly.com\/producto\/reto-grey-blue-94x282\/"},"modified":"2025-02-15T02:07:26","modified_gmt":"2025-02-15T01:07:26","slug":"reto-grey-blue-94x282","status":"publish","type":"product","link":"https:\/\/tilefly.com\/fr\/produit\/reto-grey-blue-94x282\/","title":{"rendered":"RETO GREY BLUE 9,4X28,2"},"content":{"rendered":"<h2><strong>CHALLENGE GRIS BLEU 9,4X28,2<\/strong><\/h2><p>D\u00e9couvrez la s\u00e9r\u00e9nit\u00e9 et la sophistication du carreau &#8220;RETO GREY BLUE&#8221; de la collection <a href=\"https:\/\/tilefly.com\/producto\/esencia-materia\/\">Esencia Materia<\/a>. Avec un format de 9,4&#215;28,2 cm, ce carreau en gr\u00e8s c\u00e9rame capture l&#8217;essence des mat\u00e9riaux classiques, adapt\u00e9s aux tendances actuelles. Sa finition brillante dans un \u00e9l\u00e9gant ton gris-bleu apporte une touche de distinction et de luminosit\u00e9 \u00e0 n&#8217;importe quel environnement. Id\u00e9al pour les rev\u00eatements de sol et de mur, ce carreau se distingue par sa r\u00e9sistance et sa durabilit\u00e9, parfaites pour les zones d&#8217;utilisation intensive. La s\u00e9rie &#8220;Esencia Materia&#8221;, cr\u00e9\u00e9e en collaboration avec le c\u00e9l\u00e8bre architecte d&#8217;int\u00e9rieur Erico Navazo, cherche \u00e0 mettre en valeur la beaut\u00e9 inh\u00e9rente aux mat\u00e9riaux tels que l&#8217;argile, le pl\u00e2tre et la pierre, et ce carreau en est une claire repr\u00e9sentation. Son format non rectifi\u00e9 met en valeur son caract\u00e8re artisanal et lui conf\u00e8re un sentiment d&#8217;authenticit\u00e9 et d&#8217;unicit\u00e9.     <\/p><p>Chaque pi\u00e8ce de &#8220;RETO GREY BLUE&#8221; transmet un sentiment de calme et d&#8217;\u00e9quilibre, transformant vos espaces en havres de style et de confort. Sa couleur &#8220;bleu&#8221; gris\u00e2tre, polyvalente et intemporelle, s&#8217;int\u00e8gre harmonieusement dans une grande vari\u00e9t\u00e9 de styles d\u00e9coratifs, des plus minimalistes aux plus sophistiqu\u00e9s. Osez renouveler vos environnements avec ce carreau qui red\u00e9finit l&#8217;\u00e9l\u00e9gance traditionnelle, en l&#8217;associant \u00e0 l&#8217;innovation et \u00e0 la qualit\u00e9 qui d\u00e9finissent la s\u00e9rie <a href=\"https:\/\/tilefly.com\/producto\/esencia-materia\/\">Esencia Materia<\/a>.  <\/p>","protected":false},"excerpt":{"rendered":"<p>CHALLENGE GRIS BLEU 9,4X28,2D\u00e9couvrez la s\u00e9r\u00e9nit\u00e9 et la sophistication du carreau &#8220;RETO GREY BLUE&#8221; de la collection Esencia Materia. Avec un format de 9,4&#215;28,2 cm, ce carreau en gr\u00e8s c\u00e9rame capture l&#8217;essence des mat\u00e9riaux classiques, adapt\u00e9s aux tendances actuelles. Sa finition brillante dans un \u00e9l\u00e9gant ton gris-bleu apporte une touche de distinction et de luminosit\u00e9 [&hellip;]<\/p>\n","protected":false},"featured_media":551618,"comment_status":"open","ping_status":"closed","template":"","meta":[],"product_brand":[],"product_cat":[353,355,356,354],"product_tag":[],"class_list":{"0":"post-552852","1":"product","2":"type-product","3":"status-publish","4":"has-post-thumbnail","6":"product_cat-carrelage","7":"product_cat-cuisines","8":"product_cat-faiences","9":"product_cat-carrelage-salle-de-bain","11":"first","12":"instock","13":"shipping-taxable","14":"purchasable","15":"product-type-simple"},"_links":{"self":[{"href":"https:\/\/tilefly.com\/fr\/wp-json\/wp\/v2\/product\/552852","targetHints":{"allow":["GET"]}}],"collection":[{"href":"https:\/\/tilefly.com\/fr\/wp-json\/wp\/v2\/product"}],"about":[{"href":"https:\/\/tilefly.com\/fr\/wp-json\/wp\/v2\/types\/product"}],"replies":[{"embeddable":true,"href":"https:\/\/tilefly.com\/fr\/wp-json\/wp\/v2\/comments?post=552852"}],"wp:featuredmedia":[{"embeddable":true,"href":"https:\/\/tilefly.com\/fr\/wp-json\/wp\/v2\/media\/551618"}],"wp:attachment":[{"href":"https:\/\/tilefly.com\/fr\/wp-json\/wp\/v2\/media?parent=552852"}],"wp:term":[{"taxonomy":"product_brand","embeddable":true,"href":"https:\/\/tilefly.com\/fr\/wp-json\/wp\/v2\/product_brand?post=552852"},{"taxonomy":"product_cat","embeddable":true,"href":"https:\/\/tilefly.com\/fr\/wp-json\/wp\/v2\/product_cat?post=552852"},{"taxonomy":"product_tag","embeddable":true,"href":"https:\/\/tilefly.com\/fr\/wp-json\/wp\/v2\/product_tag?post=552852"}],"curies":[{"name":"wp","href":"https:\/\/api.w.org\/{rel}","templated":true}]}}