{"id":552831,"date":"2025-02-14T15:37:55","date_gmt":"2025-02-14T14:37:55","guid":{"rendered":"https:\/\/tilefly.com\/producto\/anti-slip-casale-ecru-rect-120x120\/"},"modified":"2025-02-15T02:06:09","modified_gmt":"2025-02-15T01:06:09","slug":"anti-slip-casale-ecru-rect-120x120","status":"publish","type":"product","link":"https:\/\/tilefly.com\/fr\/produit\/anti-slip-casale-ecru-rect-120x120\/","title":{"rendered":"ANTI-SLIP CASALE ECRU RECT 120X120"},"content":{"rendered":"<h2><strong>ANTID\u00c9RAPANT CASALE CASALE ECRU RECT 120X120<\/strong><\/h2><p>L&#8217;ANTI-SLIP CASALE ECRU RECT 120X120, dans un ton gris \u00e9l\u00e9gant, apporte une touche de s\u00e9r\u00e9nit\u00e9 et de sophistication \u00e0 n&#8217;importe quel espace. Ce carreau rectifi\u00e9 de 120&#215;120 cm, en gr\u00e8s c\u00e9rame r\u00e9sistant, est parfait pour les sols qui cherchent \u00e0 combiner esth\u00e9tique et fonctionnalit\u00e9. Sa finition mate, associ\u00e9e \u00e0 ses propri\u00e9t\u00e9s antid\u00e9rapantes, garantit la s\u00e9curit\u00e9 sans renoncer au charme du design italien. Plongez dans l&#8217;\u00e9l\u00e9gance et la s\u00e9curit\u00e9 de la s\u00e9rie <a href=\"https:\/\/tilefly.com\/producto\/antico-casale\/\">ANTICO CASALE<\/a> avec cette pi\u00e8ce exceptionnelle.   <\/p>","protected":false},"excerpt":{"rendered":"<p>ANTID\u00c9RAPANT CASALE CASALE ECRU RECT 120X120L&#8217;ANTI-SLIP CASALE ECRU RECT 120X120, dans un ton gris \u00e9l\u00e9gant, apporte une touche de s\u00e9r\u00e9nit\u00e9 et de sophistication \u00e0 n&#8217;importe quel espace. Ce carreau rectifi\u00e9 de 120&#215;120 cm, en gr\u00e8s c\u00e9rame r\u00e9sistant, est parfait pour les sols qui cherchent \u00e0 combiner esth\u00e9tique et fonctionnalit\u00e9. Sa finition mate, associ\u00e9e \u00e0 ses [&hellip;]<\/p>\n","protected":false},"featured_media":552052,"comment_status":"open","ping_status":"closed","template":"","meta":[],"product_brand":[],"product_cat":[353,355,356,354],"product_tag":[],"class_list":{"0":"post-552831","1":"product","2":"type-product","3":"status-publish","4":"has-post-thumbnail","6":"product_cat-carrelage","7":"product_cat-cuisines","8":"product_cat-faiences","9":"product_cat-carrelage-salle-de-bain","11":"first","12":"instock","13":"shipping-taxable","14":"purchasable","15":"product-type-simple"},"_links":{"self":[{"href":"https:\/\/tilefly.com\/fr\/wp-json\/wp\/v2\/product\/552831","targetHints":{"allow":["GET"]}}],"collection":[{"href":"https:\/\/tilefly.com\/fr\/wp-json\/wp\/v2\/product"}],"about":[{"href":"https:\/\/tilefly.com\/fr\/wp-json\/wp\/v2\/types\/product"}],"replies":[{"embeddable":true,"href":"https:\/\/tilefly.com\/fr\/wp-json\/wp\/v2\/comments?post=552831"}],"wp:featuredmedia":[{"embeddable":true,"href":"https:\/\/tilefly.com\/fr\/wp-json\/wp\/v2\/media\/552052"}],"wp:attachment":[{"href":"https:\/\/tilefly.com\/fr\/wp-json\/wp\/v2\/media?parent=552831"}],"wp:term":[{"taxonomy":"product_brand","embeddable":true,"href":"https:\/\/tilefly.com\/fr\/wp-json\/wp\/v2\/product_brand?post=552831"},{"taxonomy":"product_cat","embeddable":true,"href":"https:\/\/tilefly.com\/fr\/wp-json\/wp\/v2\/product_cat?post=552831"},{"taxonomy":"product_tag","embeddable":true,"href":"https:\/\/tilefly.com\/fr\/wp-json\/wp\/v2\/product_tag?post=552831"}],"curies":[{"name":"wp","href":"https:\/\/api.w.org\/{rel}","templated":true}]}}