{"id":552830,"date":"2025-02-14T15:37:51","date_gmt":"2025-02-14T14:37:51","guid":{"rendered":"https:\/\/tilefly.com\/producto\/anti-slip-casale-cotto-rect-120x120\/"},"modified":"2025-02-15T02:06:25","modified_gmt":"2025-02-15T01:06:25","slug":"anti-slip-casale-cotto-rect-120x120","status":"publish","type":"product","link":"https:\/\/tilefly.com\/fr\/produit\/anti-slip-casale-cotto-rect-120x120\/","title":{"rendered":"ANTI-SLIP CASALE COTTO RECT 120X120"},"content":{"rendered":"<h2><strong>ANTID\u00c9RAPANT CASALE COTTO RECT 120X120<\/strong><\/h2><p>La dalle ANTI-SLIP CASALE COTTO RECT 120X120, avec sa couleur brune chaude, capture l&#8217;essence rustique de la Toscane. Ce carreau rectifi\u00e9 de 120&#215;120 cm, en gr\u00e8s c\u00e9rame, est id\u00e9al pour les sols qui exigent s\u00e9curit\u00e9 et style. Sa finition mate et ses propri\u00e9t\u00e9s antid\u00e9rapantes la rendent parfaite pour les zones o\u00f9 la pr\u00e9vention des glissades est cruciale, sans sacrifier l&#8217;esth\u00e9tique inspir\u00e9e par la tradition artisanale italienne. D\u00e9couvrez la beaut\u00e9 et la s\u00e9curit\u00e9 offertes par cette pi\u00e8ce unique de la s\u00e9rie <a href=\"https:\/\/tilefly.com\/producto\/antico-casale\/\">ANTICO CASALE<\/a>.   <\/p>","protected":false},"excerpt":{"rendered":"<p>ANTID\u00c9RAPANT CASALE COTTO RECT 120X120La dalle ANTI-SLIP CASALE COTTO RECT 120X120, avec sa couleur brune chaude, capture l&#8217;essence rustique de la Toscane. Ce carreau rectifi\u00e9 de 120&#215;120 cm, en gr\u00e8s c\u00e9rame, est id\u00e9al pour les sols qui exigent s\u00e9curit\u00e9 et style. Sa finition mate et ses propri\u00e9t\u00e9s antid\u00e9rapantes la rendent parfaite pour les zones o\u00f9 [&hellip;]<\/p>\n","protected":false},"featured_media":552039,"comment_status":"open","ping_status":"closed","template":"","meta":[],"product_brand":[],"product_cat":[353,355,356,354],"product_tag":[],"class_list":{"0":"post-552830","1":"product","2":"type-product","3":"status-publish","4":"has-post-thumbnail","6":"product_cat-carrelage","7":"product_cat-cuisines","8":"product_cat-faiences","9":"product_cat-carrelage-salle-de-bain","11":"first","12":"instock","13":"shipping-taxable","14":"purchasable","15":"product-type-simple"},"_links":{"self":[{"href":"https:\/\/tilefly.com\/fr\/wp-json\/wp\/v2\/product\/552830","targetHints":{"allow":["GET"]}}],"collection":[{"href":"https:\/\/tilefly.com\/fr\/wp-json\/wp\/v2\/product"}],"about":[{"href":"https:\/\/tilefly.com\/fr\/wp-json\/wp\/v2\/types\/product"}],"replies":[{"embeddable":true,"href":"https:\/\/tilefly.com\/fr\/wp-json\/wp\/v2\/comments?post=552830"}],"wp:featuredmedia":[{"embeddable":true,"href":"https:\/\/tilefly.com\/fr\/wp-json\/wp\/v2\/media\/552039"}],"wp:attachment":[{"href":"https:\/\/tilefly.com\/fr\/wp-json\/wp\/v2\/media?parent=552830"}],"wp:term":[{"taxonomy":"product_brand","embeddable":true,"href":"https:\/\/tilefly.com\/fr\/wp-json\/wp\/v2\/product_brand?post=552830"},{"taxonomy":"product_cat","embeddable":true,"href":"https:\/\/tilefly.com\/fr\/wp-json\/wp\/v2\/product_cat?post=552830"},{"taxonomy":"product_tag","embeddable":true,"href":"https:\/\/tilefly.com\/fr\/wp-json\/wp\/v2\/product_tag?post=552830"}],"curies":[{"name":"wp","href":"https:\/\/api.w.org\/{rel}","templated":true}]}}