{"id":552826,"date":"2025-02-14T15:07:22","date_gmt":"2025-02-14T14:07:22","guid":{"rendered":"https:\/\/tilefly.com\/producto\/casale-grafite-rect-60x60\/"},"modified":"2025-02-15T02:05:59","modified_gmt":"2025-02-15T01:05:59","slug":"casale-grafite-rect-60x60","status":"publish","type":"product","link":"https:\/\/tilefly.com\/fr\/produit\/casale-grafite-rect-60x60\/","title":{"rendered":"CASALE GRAFITE RECT 60X60"},"content":{"rendered":"<h2><strong>CASALE GRAFITE RECT 60X60<\/strong><\/h2><p>CASALE GRAFITE RECT 60X60, dans un ton gris graphite polyvalent, offre un \u00e9quilibre parfait entre modernit\u00e9 et fonctionnalit\u00e9. Ce carreau de porcelaine rectifi\u00e9 de 60&#215;60 cm, avec une finition mate, est un excellent choix pour les sols \u00e0 la recherche d&#8217;un style contemporain et adaptable. Son format carr\u00e9 facilite la cr\u00e9ation de designs personnalis\u00e9s et cr\u00e9atifs. Plongez dans l&#8217;\u00e9l\u00e9gance discr\u00e8te d&#8217;<a href=\"https:\/\/tilefly.com\/producto\/antico-casale\/\">Antico Casale<\/a> et transformez vos espaces avec une touche de sophistication urbaine.   <\/p>","protected":false},"excerpt":{"rendered":"<p>CASALE GRAFITE RECT 60X60CASALE GRAFITE RECT 60X60, dans un ton gris graphite polyvalent, offre un \u00e9quilibre parfait entre modernit\u00e9 et fonctionnalit\u00e9. Ce carreau de porcelaine rectifi\u00e9 de 60&#215;60 cm, avec une finition mate, est un excellent choix pour les sols \u00e0 la recherche d&#8217;un style contemporain et adaptable. Son format carr\u00e9 facilite la cr\u00e9ation de [&hellip;]<\/p>\n","protected":false},"featured_media":552013,"comment_status":"open","ping_status":"closed","template":"","meta":[],"product_brand":[],"product_cat":[353,355,356,354],"product_tag":[],"class_list":{"0":"post-552826","1":"product","2":"type-product","3":"status-publish","4":"has-post-thumbnail","6":"product_cat-carrelage","7":"product_cat-cuisines","8":"product_cat-faiences","9":"product_cat-carrelage-salle-de-bain","11":"first","12":"instock","13":"shipping-taxable","14":"purchasable","15":"product-type-simple"},"_links":{"self":[{"href":"https:\/\/tilefly.com\/fr\/wp-json\/wp\/v2\/product\/552826","targetHints":{"allow":["GET"]}}],"collection":[{"href":"https:\/\/tilefly.com\/fr\/wp-json\/wp\/v2\/product"}],"about":[{"href":"https:\/\/tilefly.com\/fr\/wp-json\/wp\/v2\/types\/product"}],"replies":[{"embeddable":true,"href":"https:\/\/tilefly.com\/fr\/wp-json\/wp\/v2\/comments?post=552826"}],"wp:featuredmedia":[{"embeddable":true,"href":"https:\/\/tilefly.com\/fr\/wp-json\/wp\/v2\/media\/552013"}],"wp:attachment":[{"href":"https:\/\/tilefly.com\/fr\/wp-json\/wp\/v2\/media?parent=552826"}],"wp:term":[{"taxonomy":"product_brand","embeddable":true,"href":"https:\/\/tilefly.com\/fr\/wp-json\/wp\/v2\/product_brand?post=552826"},{"taxonomy":"product_cat","embeddable":true,"href":"https:\/\/tilefly.com\/fr\/wp-json\/wp\/v2\/product_cat?post=552826"},{"taxonomy":"product_tag","embeddable":true,"href":"https:\/\/tilefly.com\/fr\/wp-json\/wp\/v2\/product_tag?post=552826"}],"curies":[{"name":"wp","href":"https:\/\/api.w.org\/{rel}","templated":true}]}}