{"id":552818,"date":"2025-02-14T15:06:12","date_gmt":"2025-02-14T14:06:12","guid":{"rendered":"https:\/\/tilefly.com\/producto\/casale-cenere-rect-60x60\/"},"modified":"2025-02-15T02:05:55","modified_gmt":"2025-02-15T01:05:55","slug":"casale-cenere-rect-60x60","status":"publish","type":"product","link":"https:\/\/tilefly.com\/fr\/produit\/casale-cenere-rect-60x60\/","title":{"rendered":"CASALE CENERE RECT 60X60"},"content":{"rendered":"<h2><strong>CASALE CENERE RECT 60X60<\/strong><\/h2><p>CASALE CENERE RECT 60X60, avec sa couleur cendr\u00e9e moderne, ajoute une touche de sophistication \u00e0 la collection. Ce carreau en gr\u00e8s c\u00e9rame rectifi\u00e9 de 60&#215;60 cm, avec une finition mate, est un excellent choix pour les rev\u00eatements de sol au style contemporain et \u00e9l\u00e9gant. Son format carr\u00e9 permet de cr\u00e9er facilement des designs originaux et attrayants. Plongez dans l&#8217;atmosph\u00e8re unique de l&#8217;<a href=\"https:\/\/tilefly.com\/producto\/antico-casale\/\">Antico Casale<\/a> et transformez vos espaces avec distinction et style.   <\/p>","protected":false},"excerpt":{"rendered":"<p>CASALE CENERE RECT 60X60CASALE CENERE RECT 60X60, avec sa couleur cendr\u00e9e moderne, ajoute une touche de sophistication \u00e0 la collection. Ce carreau en gr\u00e8s c\u00e9rame rectifi\u00e9 de 60&#215;60 cm, avec une finition mate, est un excellent choix pour les rev\u00eatements de sol au style contemporain et \u00e9l\u00e9gant. Son format carr\u00e9 permet de cr\u00e9er facilement des [&hellip;]<\/p>\n","protected":false},"featured_media":551961,"comment_status":"open","ping_status":"closed","template":"","meta":[],"product_brand":[],"product_cat":[353,355,356,354],"product_tag":[],"class_list":{"0":"post-552818","1":"product","2":"type-product","3":"status-publish","4":"has-post-thumbnail","6":"product_cat-carrelage","7":"product_cat-cuisines","8":"product_cat-faiences","9":"product_cat-carrelage-salle-de-bain","11":"first","12":"instock","13":"shipping-taxable","14":"purchasable","15":"product-type-simple"},"_links":{"self":[{"href":"https:\/\/tilefly.com\/fr\/wp-json\/wp\/v2\/product\/552818","targetHints":{"allow":["GET"]}}],"collection":[{"href":"https:\/\/tilefly.com\/fr\/wp-json\/wp\/v2\/product"}],"about":[{"href":"https:\/\/tilefly.com\/fr\/wp-json\/wp\/v2\/types\/product"}],"replies":[{"embeddable":true,"href":"https:\/\/tilefly.com\/fr\/wp-json\/wp\/v2\/comments?post=552818"}],"wp:featuredmedia":[{"embeddable":true,"href":"https:\/\/tilefly.com\/fr\/wp-json\/wp\/v2\/media\/551961"}],"wp:attachment":[{"href":"https:\/\/tilefly.com\/fr\/wp-json\/wp\/v2\/media?parent=552818"}],"wp:term":[{"taxonomy":"product_brand","embeddable":true,"href":"https:\/\/tilefly.com\/fr\/wp-json\/wp\/v2\/product_brand?post=552818"},{"taxonomy":"product_cat","embeddable":true,"href":"https:\/\/tilefly.com\/fr\/wp-json\/wp\/v2\/product_cat?post=552818"},{"taxonomy":"product_tag","embeddable":true,"href":"https:\/\/tilefly.com\/fr\/wp-json\/wp\/v2\/product_tag?post=552818"}],"curies":[{"name":"wp","href":"https:\/\/api.w.org\/{rel}","templated":true}]}}