{"id":552816,"date":"2025-02-14T15:05:52","date_gmt":"2025-02-14T14:05:52","guid":{"rendered":"https:\/\/tilefly.com\/producto\/casale-cotto-rect-60x60\/"},"modified":"2025-02-15T02:05:50","modified_gmt":"2025-02-15T01:05:50","slug":"casale-cotto-rect-60x60","status":"publish","type":"product","link":"https:\/\/tilefly.com\/fr\/produit\/casale-cotto-rect-60x60\/","title":{"rendered":"CASALE COTTO RECT 60X60"},"content":{"rendered":"<h2><strong>CASALE COTTO RECT 60X60<\/strong><\/h2><p>CASALE COTTO RECT 60X60, avec sa couleur marron classique, \u00e9voque la tradition artisanale italienne dans un format polyvalent. Ce carreau en gr\u00e8s c\u00e9rame rectifi\u00e9 de 60&#215;60 cm, avec une finition mate, est id\u00e9al pour les sols qui recherchent une touche rustique et accueillante. Son format carr\u00e9 permet de cr\u00e9er facilement des motifs et des dessins personnalis\u00e9s. D\u00e9couvrez comment <a href=\"https:\/\/tilefly.com\/producto\/antico-casale\/\">Antico Casale<\/a> peut ajouter de la chaleur et du caract\u00e8re \u00e0 vos environnements.   <\/p>","protected":false},"excerpt":{"rendered":"<p>CASALE COTTO RECT 60X60CASALE COTTO RECT 60X60, avec sa couleur marron classique, \u00e9voque la tradition artisanale italienne dans un format polyvalent. Ce carreau en gr\u00e8s c\u00e9rame rectifi\u00e9 de 60&#215;60 cm, avec une finition mate, est id\u00e9al pour les sols qui recherchent une touche rustique et accueillante. Son format carr\u00e9 permet de cr\u00e9er facilement des motifs [&hellip;]<\/p>\n","protected":false},"featured_media":551935,"comment_status":"open","ping_status":"closed","template":"","meta":[],"product_brand":[],"product_cat":[353,355,356,354],"product_tag":[],"class_list":{"0":"post-552816","1":"product","2":"type-product","3":"status-publish","4":"has-post-thumbnail","6":"product_cat-carrelage","7":"product_cat-cuisines","8":"product_cat-faiences","9":"product_cat-carrelage-salle-de-bain","11":"first","12":"instock","13":"shipping-taxable","14":"purchasable","15":"product-type-simple"},"_links":{"self":[{"href":"https:\/\/tilefly.com\/fr\/wp-json\/wp\/v2\/product\/552816","targetHints":{"allow":["GET"]}}],"collection":[{"href":"https:\/\/tilefly.com\/fr\/wp-json\/wp\/v2\/product"}],"about":[{"href":"https:\/\/tilefly.com\/fr\/wp-json\/wp\/v2\/types\/product"}],"replies":[{"embeddable":true,"href":"https:\/\/tilefly.com\/fr\/wp-json\/wp\/v2\/comments?post=552816"}],"wp:featuredmedia":[{"embeddable":true,"href":"https:\/\/tilefly.com\/fr\/wp-json\/wp\/v2\/media\/551935"}],"wp:attachment":[{"href":"https:\/\/tilefly.com\/fr\/wp-json\/wp\/v2\/media?parent=552816"}],"wp:term":[{"taxonomy":"product_brand","embeddable":true,"href":"https:\/\/tilefly.com\/fr\/wp-json\/wp\/v2\/product_brand?post=552816"},{"taxonomy":"product_cat","embeddable":true,"href":"https:\/\/tilefly.com\/fr\/wp-json\/wp\/v2\/product_cat?post=552816"},{"taxonomy":"product_tag","embeddable":true,"href":"https:\/\/tilefly.com\/fr\/wp-json\/wp\/v2\/product_tag?post=552816"}],"curies":[{"name":"wp","href":"https:\/\/api.w.org\/{rel}","templated":true}]}}