{"id":552806,"date":"2025-02-14T15:05:45","date_gmt":"2025-02-14T14:05:45","guid":{"rendered":"https:\/\/tilefly.com\/producto\/casale-ecru-rect-60x120\/"},"modified":"2025-02-15T02:05:41","modified_gmt":"2025-02-15T01:05:41","slug":"casale-ecru-rect-60x120","status":"publish","type":"product","link":"https:\/\/tilefly.com\/fr\/produit\/casale-ecru-rect-60x120\/","title":{"rendered":"CASALE ECRU RECT 60X120"},"content":{"rendered":"<h2><strong>CASALE ECRU RECT 60X120<\/strong><\/h2><p>CASALE ECRU RECT 60X120, dans un ton beige d\u00e9licat, apporte luminosit\u00e9 et \u00e9l\u00e9gance \u00e0 tout espace. Ce carreau en gr\u00e8s c\u00e9rame rectifi\u00e9 de 60&#215;120 cm, avec une finition mate, est parfait pour les sols qui recherchent un style serein et intemporel. Son format rectangulaire facilite la pose et offre de multiples possibilit\u00e9s d&#8217;am\u00e9nagement. Explorez la beaut\u00e9 subtile d&#8217;<a href=\"https:\/\/tilefly.com\/producto\/antico-casale\/\">Antico Casale<\/a> et cr\u00e9ez des environnements accueillants et charmants.   <\/p>","protected":false},"excerpt":{"rendered":"<p>CASALE ECRU RECT 60X120CASALE ECRU RECT 60X120, dans un ton beige d\u00e9licat, apporte luminosit\u00e9 et \u00e9l\u00e9gance \u00e0 tout espace. Ce carreau en gr\u00e8s c\u00e9rame rectifi\u00e9 de 60&#215;120 cm, avec une finition mate, est parfait pour les sols qui recherchent un style serein et intemporel. Son format rectangulaire facilite la pose et offre de multiples possibilit\u00e9s [&hellip;]<\/p>\n","protected":false},"featured_media":551909,"comment_status":"open","ping_status":"closed","template":"","meta":[],"product_brand":[],"product_cat":[353,355,356,354],"product_tag":[],"class_list":{"0":"post-552806","1":"product","2":"type-product","3":"status-publish","4":"has-post-thumbnail","6":"product_cat-carrelage","7":"product_cat-cuisines","8":"product_cat-faiences","9":"product_cat-carrelage-salle-de-bain","11":"first","12":"instock","13":"shipping-taxable","14":"purchasable","15":"product-type-simple"},"_links":{"self":[{"href":"https:\/\/tilefly.com\/fr\/wp-json\/wp\/v2\/product\/552806","targetHints":{"allow":["GET"]}}],"collection":[{"href":"https:\/\/tilefly.com\/fr\/wp-json\/wp\/v2\/product"}],"about":[{"href":"https:\/\/tilefly.com\/fr\/wp-json\/wp\/v2\/types\/product"}],"replies":[{"embeddable":true,"href":"https:\/\/tilefly.com\/fr\/wp-json\/wp\/v2\/comments?post=552806"}],"wp:featuredmedia":[{"embeddable":true,"href":"https:\/\/tilefly.com\/fr\/wp-json\/wp\/v2\/media\/551909"}],"wp:attachment":[{"href":"https:\/\/tilefly.com\/fr\/wp-json\/wp\/v2\/media?parent=552806"}],"wp:term":[{"taxonomy":"product_brand","embeddable":true,"href":"https:\/\/tilefly.com\/fr\/wp-json\/wp\/v2\/product_brand?post=552806"},{"taxonomy":"product_cat","embeddable":true,"href":"https:\/\/tilefly.com\/fr\/wp-json\/wp\/v2\/product_cat?post=552806"},{"taxonomy":"product_tag","embeddable":true,"href":"https:\/\/tilefly.com\/fr\/wp-json\/wp\/v2\/product_tag?post=552806"}],"curies":[{"name":"wp","href":"https:\/\/api.w.org\/{rel}","templated":true}]}}