{"id":552802,"date":"2025-02-14T15:05:40","date_gmt":"2025-02-14T14:05:40","guid":{"rendered":"https:\/\/tilefly.com\/producto\/casale-cenere-rect-120x120\/"},"modified":"2025-02-15T02:05:40","modified_gmt":"2025-02-15T01:05:40","slug":"casale-cenere-rect-120x120","status":"publish","type":"product","link":"https:\/\/tilefly.com\/fr\/produit\/casale-cenere-rect-120x120\/","title":{"rendered":"CASALE CENERE RECT 120X120"},"content":{"rendered":"<h2><strong>CASALE CENERE RECT 120X120<\/strong><\/h2><p>Le carrelage CASALE CENERE RECT 120X120, inspir\u00e9 des paysages italiens, pr\u00e9sente une couleur cendr\u00e9e qui apporte une touche moderne et sophistiqu\u00e9e. Ce gr\u00e8s c\u00e9rame rectifi\u00e9 de 120&#215;120 cm, avec une finition mate, est un excellent choix pour les sols qui recherchent un style contemporain avec un clin d&#8217;\u0153il \u00e0 l&#8217;artisanat traditionnel. Son grand format et ses bords rectifi\u00e9s avec pr\u00e9cision facilitent la pose, en cr\u00e9ant des surfaces uniformes et \u00e9l\u00e9gantes. Plongez dans le charme de l&#8217;<a href=\"https:\/\/tilefly.com\/producto\/antico-casale\/\">Antico Casale<\/a> et red\u00e9finissez vos espaces avec caract\u00e8re.   <\/p>","protected":false},"excerpt":{"rendered":"<p>CASALE CENERE RECT 120X120Le carrelage CASALE CENERE RECT 120X120, inspir\u00e9 des paysages italiens, pr\u00e9sente une couleur cendr\u00e9e qui apporte une touche moderne et sophistiqu\u00e9e. Ce gr\u00e8s c\u00e9rame rectifi\u00e9 de 120&#215;120 cm, avec une finition mate, est un excellent choix pour les sols qui recherchent un style contemporain avec un clin d&#8217;\u0153il \u00e0 l&#8217;artisanat traditionnel. Son [&hellip;]<\/p>\n","protected":false},"featured_media":551883,"comment_status":"open","ping_status":"closed","template":"","meta":[],"product_brand":[],"product_cat":[353,355,356,354],"product_tag":[],"class_list":{"0":"post-552802","1":"product","2":"type-product","3":"status-publish","4":"has-post-thumbnail","6":"product_cat-carrelage","7":"product_cat-cuisines","8":"product_cat-faiences","9":"product_cat-carrelage-salle-de-bain","11":"first","12":"instock","13":"shipping-taxable","14":"purchasable","15":"product-type-simple"},"_links":{"self":[{"href":"https:\/\/tilefly.com\/fr\/wp-json\/wp\/v2\/product\/552802","targetHints":{"allow":["GET"]}}],"collection":[{"href":"https:\/\/tilefly.com\/fr\/wp-json\/wp\/v2\/product"}],"about":[{"href":"https:\/\/tilefly.com\/fr\/wp-json\/wp\/v2\/types\/product"}],"replies":[{"embeddable":true,"href":"https:\/\/tilefly.com\/fr\/wp-json\/wp\/v2\/comments?post=552802"}],"wp:featuredmedia":[{"embeddable":true,"href":"https:\/\/tilefly.com\/fr\/wp-json\/wp\/v2\/media\/551883"}],"wp:attachment":[{"href":"https:\/\/tilefly.com\/fr\/wp-json\/wp\/v2\/media?parent=552802"}],"wp:term":[{"taxonomy":"product_brand","embeddable":true,"href":"https:\/\/tilefly.com\/fr\/wp-json\/wp\/v2\/product_brand?post=552802"},{"taxonomy":"product_cat","embeddable":true,"href":"https:\/\/tilefly.com\/fr\/wp-json\/wp\/v2\/product_cat?post=552802"},{"taxonomy":"product_tag","embeddable":true,"href":"https:\/\/tilefly.com\/fr\/wp-json\/wp\/v2\/product_tag?post=552802"}],"curies":[{"name":"wp","href":"https:\/\/api.w.org\/{rel}","templated":true}]}}