{"id":552797,"date":"2025-02-14T15:05:36","date_gmt":"2025-02-14T14:05:36","guid":{"rendered":"https:\/\/tilefly.com\/producto\/casale-ecru-rect-120x120\/"},"modified":"2025-02-15T02:05:34","modified_gmt":"2025-02-15T01:05:34","slug":"casale-ecru-rect-120x120","status":"publish","type":"product","link":"https:\/\/tilefly.com\/fr\/produit\/casale-ecru-rect-120x120\/","title":{"rendered":"CASALE ECRU RECT 120X120"},"content":{"rendered":"<h2><strong>CASALE ECRU RECT 120X120<\/strong><\/h2><p>CASALE ECRU RECT 120X120, appartenant \u00e0 la collection d&#8217;inspiration toscane, offre une tonalit\u00e9 beige douce et sophistiqu\u00e9e. Ce carreau en gr\u00e8s c\u00e9rame rectifi\u00e9 de 120&#215;120 cm, avec une finition mate, est parfait pour les sols qui recherchent la luminosit\u00e9 et la s\u00e9r\u00e9nit\u00e9. Son grand format et ses bords rectifi\u00e9s permettent une installation avec un minimum de joints, soulignant la continuit\u00e9 du design. D\u00e9couvrez l&#8217;\u00e9l\u00e9gance subtile d&#8217;<a href=\"https:\/\/tilefly.com\/producto\/antico-casale\/\">Antico Casale<\/a> et cr\u00e9ez des espaces accueillants et intemporels.   <\/p>","protected":false},"excerpt":{"rendered":"<p>CASALE ECRU RECT 120X120CASALE ECRU RECT 120X120, appartenant \u00e0 la collection d&#8217;inspiration toscane, offre une tonalit\u00e9 beige douce et sophistiqu\u00e9e. Ce carreau en gr\u00e8s c\u00e9rame rectifi\u00e9 de 120&#215;120 cm, avec une finition mate, est parfait pour les sols qui recherchent la luminosit\u00e9 et la s\u00e9r\u00e9nit\u00e9. Son grand format et ses bords rectifi\u00e9s permettent une installation [&hellip;]<\/p>\n","protected":false},"featured_media":551870,"comment_status":"open","ping_status":"closed","template":"","meta":[],"product_brand":[],"product_cat":[353,355,356,354],"product_tag":[],"class_list":{"0":"post-552797","1":"product","2":"type-product","3":"status-publish","4":"has-post-thumbnail","6":"product_cat-carrelage","7":"product_cat-cuisines","8":"product_cat-faiences","9":"product_cat-carrelage-salle-de-bain","11":"first","12":"instock","13":"shipping-taxable","14":"purchasable","15":"product-type-simple"},"_links":{"self":[{"href":"https:\/\/tilefly.com\/fr\/wp-json\/wp\/v2\/product\/552797","targetHints":{"allow":["GET"]}}],"collection":[{"href":"https:\/\/tilefly.com\/fr\/wp-json\/wp\/v2\/product"}],"about":[{"href":"https:\/\/tilefly.com\/fr\/wp-json\/wp\/v2\/types\/product"}],"replies":[{"embeddable":true,"href":"https:\/\/tilefly.com\/fr\/wp-json\/wp\/v2\/comments?post=552797"}],"wp:featuredmedia":[{"embeddable":true,"href":"https:\/\/tilefly.com\/fr\/wp-json\/wp\/v2\/media\/551870"}],"wp:attachment":[{"href":"https:\/\/tilefly.com\/fr\/wp-json\/wp\/v2\/media?parent=552797"}],"wp:term":[{"taxonomy":"product_brand","embeddable":true,"href":"https:\/\/tilefly.com\/fr\/wp-json\/wp\/v2\/product_brand?post=552797"},{"taxonomy":"product_cat","embeddable":true,"href":"https:\/\/tilefly.com\/fr\/wp-json\/wp\/v2\/product_cat?post=552797"},{"taxonomy":"product_tag","embeddable":true,"href":"https:\/\/tilefly.com\/fr\/wp-json\/wp\/v2\/product_tag?post=552797"}],"curies":[{"name":"wp","href":"https:\/\/api.w.org\/{rel}","templated":true}]}}