{"id":552791,"date":"2025-02-14T15:05:32","date_gmt":"2025-02-14T14:05:32","guid":{"rendered":"https:\/\/tilefly.com\/producto\/casale-cotto-rect-120x120\/"},"modified":"2025-02-15T02:05:30","modified_gmt":"2025-02-15T01:05:30","slug":"casale-cotto-rect-120x120","status":"publish","type":"product","link":"https:\/\/tilefly.com\/fr\/produit\/casale-cotto-rect-120x120\/","title":{"rendered":"CASALE COTTO RECT 120X120"},"content":{"rendered":"<h2><strong>CASALE COTTO RECT 120X120<\/strong><\/h2><p>CASALE COTTO RECT 120X120, inspir\u00e9 de la tradition artisanale italienne, \u00e9voque la chaleur de la Toscane avec sa couleur brun terre. Ce carreau en gr\u00e8s c\u00e9rame rectifi\u00e9 de 120&#215;120 cm, avec une finition mate, est id\u00e9al pour des sols \u00e0 l&#8217;aspect rustique et \u00e9l\u00e9gant \u00e0 la fois. Son grand format r\u00e9duit les joints, cr\u00e9ant ainsi une surface continue et visuellement attrayante. D\u00e9couvrez la beaut\u00e9 de la collection <a href=\"https:\/\/tilefly.com\/producto\/antico-casale\/\">Antico Casale<\/a> et transformez vos espaces.   <\/p>","protected":false},"excerpt":{"rendered":"<p>CASALE COTTO RECT 120X120CASALE COTTO RECT 120X120, inspir\u00e9 de la tradition artisanale italienne, \u00e9voque la chaleur de la Toscane avec sa couleur brun terre. Ce carreau en gr\u00e8s c\u00e9rame rectifi\u00e9 de 120&#215;120 cm, avec une finition mate, est id\u00e9al pour des sols \u00e0 l&#8217;aspect rustique et \u00e9l\u00e9gant \u00e0 la fois. Son grand format r\u00e9duit les [&hellip;]<\/p>\n","protected":false},"featured_media":551857,"comment_status":"open","ping_status":"closed","template":"","meta":[],"product_brand":[],"product_cat":[353,355,356,354],"product_tag":[],"class_list":{"0":"post-552791","1":"product","2":"type-product","3":"status-publish","4":"has-post-thumbnail","6":"product_cat-carrelage","7":"product_cat-cuisines","8":"product_cat-faiences","9":"product_cat-carrelage-salle-de-bain","11":"first","12":"instock","13":"shipping-taxable","14":"purchasable","15":"product-type-simple"},"_links":{"self":[{"href":"https:\/\/tilefly.com\/fr\/wp-json\/wp\/v2\/product\/552791","targetHints":{"allow":["GET"]}}],"collection":[{"href":"https:\/\/tilefly.com\/fr\/wp-json\/wp\/v2\/product"}],"about":[{"href":"https:\/\/tilefly.com\/fr\/wp-json\/wp\/v2\/types\/product"}],"replies":[{"embeddable":true,"href":"https:\/\/tilefly.com\/fr\/wp-json\/wp\/v2\/comments?post=552791"}],"wp:featuredmedia":[{"embeddable":true,"href":"https:\/\/tilefly.com\/fr\/wp-json\/wp\/v2\/media\/551857"}],"wp:attachment":[{"href":"https:\/\/tilefly.com\/fr\/wp-json\/wp\/v2\/media?parent=552791"}],"wp:term":[{"taxonomy":"product_brand","embeddable":true,"href":"https:\/\/tilefly.com\/fr\/wp-json\/wp\/v2\/product_brand?post=552791"},{"taxonomy":"product_cat","embeddable":true,"href":"https:\/\/tilefly.com\/fr\/wp-json\/wp\/v2\/product_cat?post=552791"},{"taxonomy":"product_tag","embeddable":true,"href":"https:\/\/tilefly.com\/fr\/wp-json\/wp\/v2\/product_tag?post=552791"}],"curies":[{"name":"wp","href":"https:\/\/api.w.org\/{rel}","templated":true}]}}