{"id":552788,"date":"2025-02-14T13:51:20","date_gmt":"2025-02-14T12:51:20","guid":{"rendered":"https:\/\/tilefly.com\/producto\/hexa-boho-onyx-slow-139x16\/"},"modified":"2025-02-15T02:05:29","modified_gmt":"2025-02-15T01:05:29","slug":"hexa-boho-onyx-slow-139x16","status":"publish","type":"product","link":"https:\/\/tilefly.com\/fr\/produit\/hexa-boho-onyx-slow-139x16\/","title":{"rendered":"HEXA BOHO ONYX SLOW 13,9X16"},"content":{"rendered":"<h2><strong>HEXA BOHO ONYX SLOW 13,9X16<\/strong><\/h2><p>HEXA BOHO ONYX SLOW 13,9X16 de la s\u00e9rie <a href=\"https:\/\/tilefly.com\/producto\/tonality\/\">TONALITY<\/a> allie l&#8217;\u00e9l\u00e9gance de la pierre Onyx \u00e0 une touche boh\u00e8me gr\u00e2ce \u00e0 sa finition brillante et \u00e0 ses d\u00e9tails dans les tons gris. Ce carrelage en gr\u00e8s c\u00e9rame hexagonal de 13,9&#215;16 cm est parfait pour cr\u00e9er des espaces originaux et pleins de personnalit\u00e9. Imaginez une cuisine avec un dosseret habill\u00e9 de cette mosa\u00efque, alliant fonctionnalit\u00e9 et style, ou un espace commercial qui attire tous les regards par son originalit\u00e9 et son caract\u00e8re.  <\/p>","protected":false},"excerpt":{"rendered":"<p>HEXA BOHO ONYX SLOW 13,9X16HEXA BOHO ONYX SLOW 13,9X16 de la s\u00e9rie TONALITY allie l&#8217;\u00e9l\u00e9gance de la pierre Onyx \u00e0 une touche boh\u00e8me gr\u00e2ce \u00e0 sa finition brillante et \u00e0 ses d\u00e9tails dans les tons gris. Ce carrelage en gr\u00e8s c\u00e9rame hexagonal de 13,9&#215;16 cm est parfait pour cr\u00e9er des espaces originaux et pleins de [&hellip;]<\/p>\n","protected":false},"featured_media":551841,"comment_status":"open","ping_status":"closed","template":"","meta":[],"product_brand":[],"product_cat":[353,355,356,354],"product_tag":[],"class_list":{"0":"post-552788","1":"product","2":"type-product","3":"status-publish","4":"has-post-thumbnail","6":"product_cat-carrelage","7":"product_cat-cuisines","8":"product_cat-faiences","9":"product_cat-carrelage-salle-de-bain","11":"first","12":"instock","13":"shipping-taxable","14":"purchasable","15":"product-type-simple"},"_links":{"self":[{"href":"https:\/\/tilefly.com\/fr\/wp-json\/wp\/v2\/product\/552788","targetHints":{"allow":["GET"]}}],"collection":[{"href":"https:\/\/tilefly.com\/fr\/wp-json\/wp\/v2\/product"}],"about":[{"href":"https:\/\/tilefly.com\/fr\/wp-json\/wp\/v2\/types\/product"}],"replies":[{"embeddable":true,"href":"https:\/\/tilefly.com\/fr\/wp-json\/wp\/v2\/comments?post=552788"}],"wp:featuredmedia":[{"embeddable":true,"href":"https:\/\/tilefly.com\/fr\/wp-json\/wp\/v2\/media\/551841"}],"wp:attachment":[{"href":"https:\/\/tilefly.com\/fr\/wp-json\/wp\/v2\/media?parent=552788"}],"wp:term":[{"taxonomy":"product_brand","embeddable":true,"href":"https:\/\/tilefly.com\/fr\/wp-json\/wp\/v2\/product_brand?post=552788"},{"taxonomy":"product_cat","embeddable":true,"href":"https:\/\/tilefly.com\/fr\/wp-json\/wp\/v2\/product_cat?post=552788"},{"taxonomy":"product_tag","embeddable":true,"href":"https:\/\/tilefly.com\/fr\/wp-json\/wp\/v2\/product_tag?post=552788"}],"curies":[{"name":"wp","href":"https:\/\/api.w.org\/{rel}","templated":true}]}}