{"id":552781,"date":"2025-02-14T13:50:45","date_gmt":"2025-02-14T12:50:45","guid":{"rendered":"https:\/\/tilefly.com\/producto\/jasmine-day-15x15\/"},"modified":"2025-02-15T02:05:22","modified_gmt":"2025-02-15T01:05:22","slug":"jasmine-day-15x15","status":"publish","type":"product","link":"https:\/\/tilefly.com\/fr\/produit\/jasmine-day-15x15\/","title":{"rendered":"JASMINE DAY 15X15"},"content":{"rendered":"<h2><strong>JOUR DE JASMIN 15X15<\/strong><\/h2><p>JASMINE DAY 15X15 de la s\u00e9rie <a href=\"https:\/\/tilefly.com\/producto\/tonality\/\">TONALITY<\/a>, avec son design floral dans les tons noirs et sa finition mate, apporte une touche d&#8217;\u00e9l\u00e9gance et de sophistication \u00e0 n&#8217;importe quel environnement. Ce carreau en gr\u00e8s c\u00e9rame de 15&#215;15 cm est parfait pour cr\u00e9er des contrastes et des atmosph\u00e8res de caract\u00e8re. Imaginez un salon avec des d\u00e9tails recouverts de cette mosa\u00efque, cr\u00e9ant un point focal qui attire tous les regards, ou un espace commercial qui se distingue par son originalit\u00e9 et son style.  <\/p>","protected":false},"excerpt":{"rendered":"<p>JOUR DE JASMIN 15X15JASMINE DAY 15X15 de la s\u00e9rie TONALITY, avec son design floral dans les tons noirs et sa finition mate, apporte une touche d&#8217;\u00e9l\u00e9gance et de sophistication \u00e0 n&#8217;importe quel environnement. Ce carreau en gr\u00e8s c\u00e9rame de 15&#215;15 cm est parfait pour cr\u00e9er des contrastes et des atmosph\u00e8res de caract\u00e8re. Imaginez un salon [&hellip;]<\/p>\n","protected":false},"featured_media":551802,"comment_status":"open","ping_status":"closed","template":"","meta":[],"product_brand":[],"product_cat":[353,355,356,354],"product_tag":[],"class_list":{"0":"post-552781","1":"product","2":"type-product","3":"status-publish","4":"has-post-thumbnail","6":"product_cat-carrelage","7":"product_cat-cuisines","8":"product_cat-faiences","9":"product_cat-carrelage-salle-de-bain","11":"first","12":"instock","13":"shipping-taxable","14":"purchasable","15":"product-type-simple"},"_links":{"self":[{"href":"https:\/\/tilefly.com\/fr\/wp-json\/wp\/v2\/product\/552781","targetHints":{"allow":["GET"]}}],"collection":[{"href":"https:\/\/tilefly.com\/fr\/wp-json\/wp\/v2\/product"}],"about":[{"href":"https:\/\/tilefly.com\/fr\/wp-json\/wp\/v2\/types\/product"}],"replies":[{"embeddable":true,"href":"https:\/\/tilefly.com\/fr\/wp-json\/wp\/v2\/comments?post=552781"}],"wp:featuredmedia":[{"embeddable":true,"href":"https:\/\/tilefly.com\/fr\/wp-json\/wp\/v2\/media\/551802"}],"wp:attachment":[{"href":"https:\/\/tilefly.com\/fr\/wp-json\/wp\/v2\/media?parent=552781"}],"wp:term":[{"taxonomy":"product_brand","embeddable":true,"href":"https:\/\/tilefly.com\/fr\/wp-json\/wp\/v2\/product_brand?post=552781"},{"taxonomy":"product_cat","embeddable":true,"href":"https:\/\/tilefly.com\/fr\/wp-json\/wp\/v2\/product_cat?post=552781"},{"taxonomy":"product_tag","embeddable":true,"href":"https:\/\/tilefly.com\/fr\/wp-json\/wp\/v2\/product_tag?post=552781"}],"curies":[{"name":"wp","href":"https:\/\/api.w.org\/{rel}","templated":true}]}}