{"id":552758,"date":"2025-02-14T15:40:52","date_gmt":"2025-02-14T14:40:52","guid":{"rendered":"https:\/\/tilefly.com\/producto\/galgano-cotto-rect-120x120\/"},"modified":"2025-02-15T02:04:16","modified_gmt":"2025-02-15T01:04:16","slug":"galgano-cotto-rect-120x120","status":"publish","type":"product","link":"https:\/\/tilefly.com\/fr\/produit\/galgano-cotto-rect-120x120\/","title":{"rendered":"GALGANO COTTO RECT 120X120"},"content":{"rendered":"<h2><strong>GALGANO COTTO RECT 120X120<\/strong><\/h2><p>GALGANO COTTO RECT 120X120, avec sa couleur brune chaude, \u00e9voque l&#8217;essence rustique et accueillante de la Toscane. Ce carreau rectifi\u00e9 de 120&#215;120 cm, en gr\u00e8s c\u00e9rame de haute qualit\u00e9, est parfait pour les sols qui recherchent un style authentique et plein de caract\u00e8re. Sa finition mate met en valeur la beaut\u00e9 naturelle du mat\u00e9riau, en cr\u00e9ant des espaces chaleureux et enveloppants. Plongez dans la tradition italienne et transformez vos espaces avec cette pi\u00e8ce embl\u00e9matique de la s\u00e9rie <a href=\"https:\/\/tilefly.com\/producto\/antico-casale\/\">ANTICO CASALE<\/a>.   <\/p>","protected":false},"excerpt":{"rendered":"<p>GALGANO COTTO RECT 120X120GALGANO COTTO RECT 120X120, avec sa couleur brune chaude, \u00e9voque l&#8217;essence rustique et accueillante de la Toscane. Ce carreau rectifi\u00e9 de 120&#215;120 cm, en gr\u00e8s c\u00e9rame de haute qualit\u00e9, est parfait pour les sols qui recherchent un style authentique et plein de caract\u00e8re. Sa finition mate met en valeur la beaut\u00e9 naturelle [&hellip;]<\/p>\n","protected":false},"featured_media":552260,"comment_status":"open","ping_status":"closed","template":"","meta":[],"product_brand":[],"product_cat":[353,355,356,354],"product_tag":[],"class_list":{"0":"post-552758","1":"product","2":"type-product","3":"status-publish","4":"has-post-thumbnail","6":"product_cat-carrelage","7":"product_cat-cuisines","8":"product_cat-faiences","9":"product_cat-carrelage-salle-de-bain","11":"first","12":"instock","13":"shipping-taxable","14":"purchasable","15":"product-type-simple"},"_links":{"self":[{"href":"https:\/\/tilefly.com\/fr\/wp-json\/wp\/v2\/product\/552758","targetHints":{"allow":["GET"]}}],"collection":[{"href":"https:\/\/tilefly.com\/fr\/wp-json\/wp\/v2\/product"}],"about":[{"href":"https:\/\/tilefly.com\/fr\/wp-json\/wp\/v2\/types\/product"}],"replies":[{"embeddable":true,"href":"https:\/\/tilefly.com\/fr\/wp-json\/wp\/v2\/comments?post=552758"}],"wp:featuredmedia":[{"embeddable":true,"href":"https:\/\/tilefly.com\/fr\/wp-json\/wp\/v2\/media\/552260"}],"wp:attachment":[{"href":"https:\/\/tilefly.com\/fr\/wp-json\/wp\/v2\/media?parent=552758"}],"wp:term":[{"taxonomy":"product_brand","embeddable":true,"href":"https:\/\/tilefly.com\/fr\/wp-json\/wp\/v2\/product_brand?post=552758"},{"taxonomy":"product_cat","embeddable":true,"href":"https:\/\/tilefly.com\/fr\/wp-json\/wp\/v2\/product_cat?post=552758"},{"taxonomy":"product_tag","embeddable":true,"href":"https:\/\/tilefly.com\/fr\/wp-json\/wp\/v2\/product_tag?post=552758"}],"curies":[{"name":"wp","href":"https:\/\/api.w.org\/{rel}","templated":true}]}}