{"id":552751,"date":"2025-02-14T15:38:48","date_gmt":"2025-02-14T14:38:48","guid":{"rendered":"https:\/\/tilefly.com\/producto\/pienza-cotto-rect-120x120\/"},"modified":"2025-02-15T02:04:06","modified_gmt":"2025-02-15T01:04:06","slug":"pienza-cotto-rect-120x120","status":"publish","type":"product","link":"https:\/\/tilefly.com\/fr\/produit\/pienza-cotto-rect-120x120\/","title":{"rendered":"PIENZA COTTO RECT 120X120"},"content":{"rendered":"<h2><strong>PIENZA COTTO RECT 120X120<\/strong><\/h2><p>PIENZA COTTO RECT 120X120, avec sa douce couleur beige, \u00e9voque la chaleur et l&#8217;\u00e9l\u00e9gance de la Toscane. Ce carreau rectifi\u00e9 de 120&#215;120 cm, en gr\u00e8s c\u00e9rame r\u00e9sistant, est id\u00e9al pour les sols qui recherchent un style accueillant et intemporel. Sa finition mate met en valeur le naturel du mat\u00e9riau, en cr\u00e9ant des espaces pleins d&#8217;harmonie et de confort. Plongez dans la s\u00e9r\u00e9nit\u00e9 et la beaut\u00e9 de cette pi\u00e8ce polyvalente de la s\u00e9rie <a href=\"https:\/\/tilefly.com\/producto\/antico-casale\/\">ANTICO CASALE<\/a> et transformez vos espaces avec une touche de distinction italienne.   <\/p>","protected":false},"excerpt":{"rendered":"<p>PIENZA COTTO RECT 120X120PIENZA COTTO RECT 120X120, avec sa douce couleur beige, \u00e9voque la chaleur et l&#8217;\u00e9l\u00e9gance de la Toscane. Ce carreau rectifi\u00e9 de 120&#215;120 cm, en gr\u00e8s c\u00e9rame r\u00e9sistant, est id\u00e9al pour les sols qui recherchent un style accueillant et intemporel. Sa finition mate met en valeur le naturel du mat\u00e9riau, en cr\u00e9ant des [&hellip;]<\/p>\n","protected":false},"featured_media":552195,"comment_status":"open","ping_status":"closed","template":"","meta":[],"product_brand":[],"product_cat":[353,355,356,354],"product_tag":[],"class_list":{"0":"post-552751","1":"product","2":"type-product","3":"status-publish","4":"has-post-thumbnail","6":"product_cat-carrelage","7":"product_cat-cuisines","8":"product_cat-faiences","9":"product_cat-carrelage-salle-de-bain","11":"first","12":"instock","13":"shipping-taxable","14":"purchasable","15":"product-type-simple"},"_links":{"self":[{"href":"https:\/\/tilefly.com\/fr\/wp-json\/wp\/v2\/product\/552751","targetHints":{"allow":["GET"]}}],"collection":[{"href":"https:\/\/tilefly.com\/fr\/wp-json\/wp\/v2\/product"}],"about":[{"href":"https:\/\/tilefly.com\/fr\/wp-json\/wp\/v2\/types\/product"}],"replies":[{"embeddable":true,"href":"https:\/\/tilefly.com\/fr\/wp-json\/wp\/v2\/comments?post=552751"}],"wp:featuredmedia":[{"embeddable":true,"href":"https:\/\/tilefly.com\/fr\/wp-json\/wp\/v2\/media\/552195"}],"wp:attachment":[{"href":"https:\/\/tilefly.com\/fr\/wp-json\/wp\/v2\/media?parent=552751"}],"wp:term":[{"taxonomy":"product_brand","embeddable":true,"href":"https:\/\/tilefly.com\/fr\/wp-json\/wp\/v2\/product_brand?post=552751"},{"taxonomy":"product_cat","embeddable":true,"href":"https:\/\/tilefly.com\/fr\/wp-json\/wp\/v2\/product_cat?post=552751"},{"taxonomy":"product_tag","embeddable":true,"href":"https:\/\/tilefly.com\/fr\/wp-json\/wp\/v2\/product_tag?post=552751"}],"curies":[{"name":"wp","href":"https:\/\/api.w.org\/{rel}","templated":true}]}}