{"id":552742,"date":"2025-02-14T15:38:31","date_gmt":"2025-02-14T14:38:31","guid":{"rendered":"https:\/\/tilefly.com\/producto\/brolio-cenere-rect-120x120\/"},"modified":"2025-02-15T02:03:58","modified_gmt":"2025-02-15T01:03:58","slug":"brolio-cenere-rect-120x120","status":"publish","type":"product","link":"https:\/\/tilefly.com\/fr\/produit\/brolio-cenere-rect-120x120\/","title":{"rendered":"BROLIO CENERE RECT 120X120"},"content":{"rendered":"<h2><strong>BROLIO CENERE RECT 120X120<\/strong><\/h2><p>Le BROLIO CENERE RECT 120X120, de couleur cendr\u00e9e moderne, offre une base neutre et sophistiqu\u00e9e pour votre rev\u00eatement de sol. Ce carreau rectifi\u00e9 de 120&#215;120 cm, en gr\u00e8s c\u00e9rame r\u00e9sistant, est id\u00e9al pour les espaces \u00e0 la recherche d&#8217;un style contemporain et \u00e9l\u00e9gant. Sa finition mate met en valeur la texture et la couleur, cr\u00e9ant ainsi des atmosph\u00e8res sereines et harmonieuses. D\u00e9couvrez la polyvalence et la beaut\u00e9 de cette pi\u00e8ce ma\u00eetresse de la s\u00e9rie <a href=\"https:\/\/tilefly.com\/producto\/antico-casale\/\">ANTICO CASALE<\/a> et transformez vos espaces avec une touche d&#8217;\u00e9l\u00e9gance italienne.   <\/p>","protected":false},"excerpt":{"rendered":"<p>BROLIO CENERE RECT 120X120Le BROLIO CENERE RECT 120X120, de couleur cendr\u00e9e moderne, offre une base neutre et sophistiqu\u00e9e pour votre rev\u00eatement de sol. Ce carreau rectifi\u00e9 de 120&#215;120 cm, en gr\u00e8s c\u00e9rame r\u00e9sistant, est id\u00e9al pour les espaces \u00e0 la recherche d&#8217;un style contemporain et \u00e9l\u00e9gant. Sa finition mate met en valeur la texture et [&hellip;]<\/p>\n","protected":false},"featured_media":552169,"comment_status":"open","ping_status":"closed","template":"","meta":[],"product_brand":[],"product_cat":[353,355,356,354],"product_tag":[],"class_list":{"0":"post-552742","1":"product","2":"type-product","3":"status-publish","4":"has-post-thumbnail","6":"product_cat-carrelage","7":"product_cat-cuisines","8":"product_cat-faiences","9":"product_cat-carrelage-salle-de-bain","11":"first","12":"instock","13":"shipping-taxable","14":"purchasable","15":"product-type-simple"},"_links":{"self":[{"href":"https:\/\/tilefly.com\/fr\/wp-json\/wp\/v2\/product\/552742","targetHints":{"allow":["GET"]}}],"collection":[{"href":"https:\/\/tilefly.com\/fr\/wp-json\/wp\/v2\/product"}],"about":[{"href":"https:\/\/tilefly.com\/fr\/wp-json\/wp\/v2\/types\/product"}],"replies":[{"embeddable":true,"href":"https:\/\/tilefly.com\/fr\/wp-json\/wp\/v2\/comments?post=552742"}],"wp:featuredmedia":[{"embeddable":true,"href":"https:\/\/tilefly.com\/fr\/wp-json\/wp\/v2\/media\/552169"}],"wp:attachment":[{"href":"https:\/\/tilefly.com\/fr\/wp-json\/wp\/v2\/media?parent=552742"}],"wp:term":[{"taxonomy":"product_brand","embeddable":true,"href":"https:\/\/tilefly.com\/fr\/wp-json\/wp\/v2\/product_brand?post=552742"},{"taxonomy":"product_cat","embeddable":true,"href":"https:\/\/tilefly.com\/fr\/wp-json\/wp\/v2\/product_cat?post=552742"},{"taxonomy":"product_tag","embeddable":true,"href":"https:\/\/tilefly.com\/fr\/wp-json\/wp\/v2\/product_tag?post=552742"}],"curies":[{"name":"wp","href":"https:\/\/api.w.org\/{rel}","templated":true}]}}