{"id":552734,"date":"2025-02-14T15:38:18","date_gmt":"2025-02-14T14:38:18","guid":{"rendered":"https:\/\/tilefly.com\/producto\/orcia-cenere-rect-120x120\/"},"modified":"2025-02-15T02:03:52","modified_gmt":"2025-02-15T01:03:52","slug":"orcia-cenere-rect-120x120","status":"publish","type":"product","link":"https:\/\/tilefly.com\/fr\/produit\/orcia-cenere-rect-120x120\/","title":{"rendered":"ORCIA CENERE RECT 120X120"},"content":{"rendered":"<h2><strong>ORCIA CENERE RECT 120X120<\/strong><\/h2><p>L&#8217;ORCIA CENERE RECT 120X120, dans une \u00e9l\u00e9gante couleur cendr\u00e9e, offre une base neutre et sophistiqu\u00e9e pour votre rev\u00eatement de sol. Ce carreau rectifi\u00e9 de 120&#215;120 cm, en gr\u00e8s c\u00e9rame r\u00e9sistant, est id\u00e9al pour les espaces \u00e0 la recherche d&#8217;un style moderne et intemporel. Sa finition mate met en valeur la texture et la couleur, cr\u00e9ant des atmosph\u00e8res sereines et harmonieuses. D\u00e9couvrez la polyvalence et la beaut\u00e9 de cette pi\u00e8ce ma\u00eetresse de la s\u00e9rie <a href=\"https:\/\/tilefly.com\/producto\/antico-casale\/\">ANTICO CASALE<\/a> et transformez vos espaces avec une touche d&#8217;\u00e9l\u00e9gance italienne.   <\/p>","protected":false},"excerpt":{"rendered":"<p>ORCIA CENERE RECT 120X120L&#8217;ORCIA CENERE RECT 120X120, dans une \u00e9l\u00e9gante couleur cendr\u00e9e, offre une base neutre et sophistiqu\u00e9e pour votre rev\u00eatement de sol. Ce carreau rectifi\u00e9 de 120&#215;120 cm, en gr\u00e8s c\u00e9rame r\u00e9sistant, est id\u00e9al pour les espaces \u00e0 la recherche d&#8217;un style moderne et intemporel. Sa finition mate met en valeur la texture et [&hellip;]<\/p>\n","protected":false},"featured_media":552130,"comment_status":"open","ping_status":"closed","template":"","meta":[],"product_brand":[],"product_cat":[353,355,356,354],"product_tag":[],"class_list":{"0":"post-552734","1":"product","2":"type-product","3":"status-publish","4":"has-post-thumbnail","6":"product_cat-carrelage","7":"product_cat-cuisines","8":"product_cat-faiences","9":"product_cat-carrelage-salle-de-bain","11":"first","12":"instock","13":"shipping-taxable","14":"purchasable","15":"product-type-simple"},"_links":{"self":[{"href":"https:\/\/tilefly.com\/fr\/wp-json\/wp\/v2\/product\/552734","targetHints":{"allow":["GET"]}}],"collection":[{"href":"https:\/\/tilefly.com\/fr\/wp-json\/wp\/v2\/product"}],"about":[{"href":"https:\/\/tilefly.com\/fr\/wp-json\/wp\/v2\/types\/product"}],"replies":[{"embeddable":true,"href":"https:\/\/tilefly.com\/fr\/wp-json\/wp\/v2\/comments?post=552734"}],"wp:featuredmedia":[{"embeddable":true,"href":"https:\/\/tilefly.com\/fr\/wp-json\/wp\/v2\/media\/552130"}],"wp:attachment":[{"href":"https:\/\/tilefly.com\/fr\/wp-json\/wp\/v2\/media?parent=552734"}],"wp:term":[{"taxonomy":"product_brand","embeddable":true,"href":"https:\/\/tilefly.com\/fr\/wp-json\/wp\/v2\/product_brand?post=552734"},{"taxonomy":"product_cat","embeddable":true,"href":"https:\/\/tilefly.com\/fr\/wp-json\/wp\/v2\/product_cat?post=552734"},{"taxonomy":"product_tag","embeddable":true,"href":"https:\/\/tilefly.com\/fr\/wp-json\/wp\/v2\/product_tag?post=552734"}],"curies":[{"name":"wp","href":"https:\/\/api.w.org\/{rel}","templated":true}]}}