{"id":552730,"date":"2025-02-14T15:38:04","date_gmt":"2025-02-14T14:38:04","guid":{"rendered":"https:\/\/tilefly.com\/producto\/anti-slip-casale-ecru-rect-60x120\/"},"modified":"2025-02-15T02:03:47","modified_gmt":"2025-02-15T01:03:47","slug":"anti-slip-casale-ecru-rect-60x120","status":"publish","type":"product","link":"https:\/\/tilefly.com\/fr\/produit\/anti-slip-casale-ecru-rect-60x120\/","title":{"rendered":"ANTI-SLIP CASALE ECRU RECT 60X120"},"content":{"rendered":"<h2><strong>ANTI-SLIP CASALE ECRU RECT 60X120<\/strong><\/h2><p>L&#8217;ANTI-SLIP CASALE ECRU RECT 60X120, dans un ton beige d\u00e9licat, apporte luminosit\u00e9 et chaleur \u00e0 n&#8217;importe quel environnement. Ce carreau rectifi\u00e9 de 60&#215;120 cm, r\u00e9alis\u00e9 en gr\u00e8s c\u00e9rame de haute qualit\u00e9, est id\u00e9al pour les sols qui recherchent un design \u00e9l\u00e9gant et s\u00fbr. Sa finition mate, associ\u00e9e \u00e0 ses propri\u00e9t\u00e9s antid\u00e9rapantes, garantit la tranquillit\u00e9 d&#8217;esprit dans les zones o\u00f9 la pr\u00e9vention des glissades est importante. Plongez dans la s\u00e9r\u00e9nit\u00e9 et la s\u00e9curit\u00e9 de la s\u00e9rie <a href=\"https:\/\/tilefly.com\/producto\/antico-casale\/\">ANTICO CASALE<\/a> avec cette pi\u00e8ce polyvalente et charmante.   <\/p>","protected":false},"excerpt":{"rendered":"<p>ANTI-SLIP CASALE ECRU RECT 60X120L&#8217;ANTI-SLIP CASALE ECRU RECT 60X120, dans un ton beige d\u00e9licat, apporte luminosit\u00e9 et chaleur \u00e0 n&#8217;importe quel environnement. Ce carreau rectifi\u00e9 de 60&#215;120 cm, r\u00e9alis\u00e9 en gr\u00e8s c\u00e9rame de haute qualit\u00e9, est id\u00e9al pour les sols qui recherchent un design \u00e9l\u00e9gant et s\u00fbr. Sa finition mate, associ\u00e9e \u00e0 ses propri\u00e9t\u00e9s antid\u00e9rapantes, [&hellip;]<\/p>\n","protected":false},"featured_media":552091,"comment_status":"open","ping_status":"closed","template":"","meta":[],"product_brand":[],"product_cat":[353,355,356,354],"product_tag":[],"class_list":{"0":"post-552730","1":"product","2":"type-product","3":"status-publish","4":"has-post-thumbnail","6":"product_cat-carrelage","7":"product_cat-cuisines","8":"product_cat-faiences","9":"product_cat-carrelage-salle-de-bain","11":"first","12":"outofstock","13":"shipping-taxable","14":"purchasable","15":"product-type-simple"},"_links":{"self":[{"href":"https:\/\/tilefly.com\/fr\/wp-json\/wp\/v2\/product\/552730","targetHints":{"allow":["GET"]}}],"collection":[{"href":"https:\/\/tilefly.com\/fr\/wp-json\/wp\/v2\/product"}],"about":[{"href":"https:\/\/tilefly.com\/fr\/wp-json\/wp\/v2\/types\/product"}],"replies":[{"embeddable":true,"href":"https:\/\/tilefly.com\/fr\/wp-json\/wp\/v2\/comments?post=552730"}],"wp:featuredmedia":[{"embeddable":true,"href":"https:\/\/tilefly.com\/fr\/wp-json\/wp\/v2\/media\/552091"}],"wp:attachment":[{"href":"https:\/\/tilefly.com\/fr\/wp-json\/wp\/v2\/media?parent=552730"}],"wp:term":[{"taxonomy":"product_brand","embeddable":true,"href":"https:\/\/tilefly.com\/fr\/wp-json\/wp\/v2\/product_brand?post=552730"},{"taxonomy":"product_cat","embeddable":true,"href":"https:\/\/tilefly.com\/fr\/wp-json\/wp\/v2\/product_cat?post=552730"},{"taxonomy":"product_tag","embeddable":true,"href":"https:\/\/tilefly.com\/fr\/wp-json\/wp\/v2\/product_tag?post=552730"}],"curies":[{"name":"wp","href":"https:\/\/api.w.org\/{rel}","templated":true}]}}