{"id":552720,"date":"2025-02-14T18:50:25","date_gmt":"2025-02-14T17:50:25","guid":{"rendered":"https:\/\/tilefly.com\/producto\/casale-grafite-rect-90x90\/"},"modified":"2025-02-15T02:01:10","modified_gmt":"2025-02-15T01:01:10","slug":"casale-grafite-rect-90x90","status":"publish","type":"product","link":"https:\/\/tilefly.com\/fr\/produit\/casale-grafite-rect-90x90\/","title":{"rendered":"CASALE GRAFITE RECT 90X90"},"content":{"rendered":"<h2><strong>CASALE GRAFITE RECT 90X90<\/strong><\/h2><p>Le carrelage CASALE GRAFITE RECT 90X90 apporte une touche de sophistication audacieuse et moderne avec sa couleur gris graphite intense. Son grand format de 90&#215;90 cm, rectifi\u00e9 pour un alignement parfait, cr\u00e9e un sentiment d&#8217;espace et de continuit\u00e9 dans n&#8217;importe quel espace. Fabriqu\u00e9 en gr\u00e8s c\u00e9rame de haute qualit\u00e9, ce carreau \u00e0 la finition mate est extr\u00eamement r\u00e9sistant et durable, parfait pour les sols \u00e0 fort trafic. Son design contemporain s&#8217;inspire de la tradition artisanale italienne, r\u00e9interpr\u00e9t\u00e9e avec une touche de modernit\u00e9, comme dans toute la s\u00e9rie <a href=\"https:\/\/tilefly.com\/producto\/antico-casale\/\">Antico Casale<\/a>.   <\/p>","protected":false},"excerpt":{"rendered":"<p>CASALE GRAFITE RECT 90X90Le carrelage CASALE GRAFITE RECT 90X90 apporte une touche de sophistication audacieuse et moderne avec sa couleur gris graphite intense. Son grand format de 90&#215;90 cm, rectifi\u00e9 pour un alignement parfait, cr\u00e9e un sentiment d&#8217;espace et de continuit\u00e9 dans n&#8217;importe quel espace. Fabriqu\u00e9 en gr\u00e8s c\u00e9rame de haute qualit\u00e9, ce carreau \u00e0 [&hellip;]<\/p>\n","protected":false},"featured_media":552652,"comment_status":"open","ping_status":"closed","template":"","meta":[],"product_brand":[],"product_cat":[353,355,356,354],"product_tag":[],"class_list":{"0":"post-552720","1":"product","2":"type-product","3":"status-publish","4":"has-post-thumbnail","6":"product_cat-carrelage","7":"product_cat-cuisines","8":"product_cat-faiences","9":"product_cat-carrelage-salle-de-bain","11":"first","12":"instock","13":"shipping-taxable","14":"purchasable","15":"product-type-simple"},"_links":{"self":[{"href":"https:\/\/tilefly.com\/fr\/wp-json\/wp\/v2\/product\/552720","targetHints":{"allow":["GET"]}}],"collection":[{"href":"https:\/\/tilefly.com\/fr\/wp-json\/wp\/v2\/product"}],"about":[{"href":"https:\/\/tilefly.com\/fr\/wp-json\/wp\/v2\/types\/product"}],"replies":[{"embeddable":true,"href":"https:\/\/tilefly.com\/fr\/wp-json\/wp\/v2\/comments?post=552720"}],"wp:featuredmedia":[{"embeddable":true,"href":"https:\/\/tilefly.com\/fr\/wp-json\/wp\/v2\/media\/552652"}],"wp:attachment":[{"href":"https:\/\/tilefly.com\/fr\/wp-json\/wp\/v2\/media?parent=552720"}],"wp:term":[{"taxonomy":"product_brand","embeddable":true,"href":"https:\/\/tilefly.com\/fr\/wp-json\/wp\/v2\/product_brand?post=552720"},{"taxonomy":"product_cat","embeddable":true,"href":"https:\/\/tilefly.com\/fr\/wp-json\/wp\/v2\/product_cat?post=552720"},{"taxonomy":"product_tag","embeddable":true,"href":"https:\/\/tilefly.com\/fr\/wp-json\/wp\/v2\/product_tag?post=552720"}],"curies":[{"name":"wp","href":"https:\/\/api.w.org\/{rel}","templated":true}]}}