{"id":552679,"date":"2025-02-14T18:50:08","date_gmt":"2025-02-14T17:50:08","guid":{"rendered":"https:\/\/tilefly.com\/producto\/casale-cenere-rect-90x90\/"},"modified":"2025-02-15T02:00:12","modified_gmt":"2025-02-15T01:00:12","slug":"casale-cenere-rect-90x90","status":"publish","type":"product","link":"https:\/\/tilefly.com\/fr\/produit\/casale-cenere-rect-90x90\/","title":{"rendered":"CASALE CENERE RECT 90X90"},"content":{"rendered":"<h2><strong>CASALE CENERE RECT 90X90<\/strong><\/h2><p>CASALE CENERE RECT 90X90 est un carrelage en gr\u00e8s c\u00e9rame de grand format qui rayonne d&#8217;\u00e9l\u00e9gance et de sophistication. Sa couleur cendr\u00e9e, profonde et nuanc\u00e9e, cr\u00e9e une atmosph\u00e8re de s\u00e9r\u00e9nit\u00e9 et de calme. Le format 90&#215;90 cm, rectifi\u00e9 pour un alignement parfait, agrandit visuellement l&#8217;espace et donne une impression de continuit\u00e9. Sa finition mate et sa r\u00e9sistance en font un choix id\u00e9al pour les sols \u00e0 fort trafic, aussi bien \u00e0 l&#8217;int\u00e9rieur que dans les espaces ext\u00e9rieurs couverts. Inspir\u00e9 par la tradition italienne de la s\u00e9rie <a href=\"https:\/\/tilefly.com\/producto\/antico-casale\/\">Antico Casale<\/a>, ce carrelage est une d\u00e9claration de style intemporel.    <\/p>","protected":false},"excerpt":{"rendered":"<p>CASALE CENERE RECT 90X90CASALE CENERE RECT 90X90 est un carrelage en gr\u00e8s c\u00e9rame de grand format qui rayonne d&#8217;\u00e9l\u00e9gance et de sophistication. Sa couleur cendr\u00e9e, profonde et nuanc\u00e9e, cr\u00e9e une atmosph\u00e8re de s\u00e9r\u00e9nit\u00e9 et de calme. Le format 90&#215;90 cm, rectifi\u00e9 pour un alignement parfait, agrandit visuellement l&#8217;espace et donne une impression de continuit\u00e9. Sa [&hellip;]<\/p>\n","protected":false},"featured_media":552613,"comment_status":"open","ping_status":"closed","template":"","meta":[],"product_brand":[],"product_cat":[353,355,356,354],"product_tag":[],"class_list":{"0":"post-552679","1":"product","2":"type-product","3":"status-publish","4":"has-post-thumbnail","6":"product_cat-carrelage","7":"product_cat-cuisines","8":"product_cat-faiences","9":"product_cat-carrelage-salle-de-bain","11":"first","12":"instock","13":"shipping-taxable","14":"purchasable","15":"product-type-simple"},"_links":{"self":[{"href":"https:\/\/tilefly.com\/fr\/wp-json\/wp\/v2\/product\/552679","targetHints":{"allow":["GET"]}}],"collection":[{"href":"https:\/\/tilefly.com\/fr\/wp-json\/wp\/v2\/product"}],"about":[{"href":"https:\/\/tilefly.com\/fr\/wp-json\/wp\/v2\/types\/product"}],"replies":[{"embeddable":true,"href":"https:\/\/tilefly.com\/fr\/wp-json\/wp\/v2\/comments?post=552679"}],"wp:featuredmedia":[{"embeddable":true,"href":"https:\/\/tilefly.com\/fr\/wp-json\/wp\/v2\/media\/552613"}],"wp:attachment":[{"href":"https:\/\/tilefly.com\/fr\/wp-json\/wp\/v2\/media?parent=552679"}],"wp:term":[{"taxonomy":"product_brand","embeddable":true,"href":"https:\/\/tilefly.com\/fr\/wp-json\/wp\/v2\/product_brand?post=552679"},{"taxonomy":"product_cat","embeddable":true,"href":"https:\/\/tilefly.com\/fr\/wp-json\/wp\/v2\/product_cat?post=552679"},{"taxonomy":"product_tag","embeddable":true,"href":"https:\/\/tilefly.com\/fr\/wp-json\/wp\/v2\/product_tag?post=552679"}],"curies":[{"name":"wp","href":"https:\/\/api.w.org\/{rel}","templated":true}]}}