{"id":552665,"date":"2025-02-14T18:47:56","date_gmt":"2025-02-14T17:47:56","guid":{"rendered":"https:\/\/tilefly.com\/producto\/sereno-cenere-rect-60x60\/"},"modified":"2025-02-15T01:59:57","modified_gmt":"2025-02-15T00:59:57","slug":"sereno-cenere-rect-60x60","status":"publish","type":"product","link":"https:\/\/tilefly.com\/fr\/produit\/sereno-cenere-rect-60x60\/","title":{"rendered":"SERENO CENERE RECT 60X60"},"content":{"rendered":"<h2><strong>SERENO CENERE RECT 60X60<\/strong><\/h2><p>Le carreau SERENO CENERE RECT 60X60, qui fait partie de la s\u00e9rie <a href=\"https:\/\/tilefly.com\/producto\/antico-casale\/\">Antico Casale<\/a>, pr\u00e9sente une teinte cendr\u00e9e, un gris \u00e9l\u00e9gant et polyvalent qui s&#8217;adapte \u00e0 un large \u00e9ventail de styles d\u00e9coratifs. Son format carr\u00e9 de 60&#215;60 cm et son bord rectifi\u00e9 permettent de cr\u00e9er des surfaces continues et modernes, id\u00e9ales pour les espaces vastes et lumineux. Le mat\u00e9riau porcelaine de haute qualit\u00e9 garantit une r\u00e9sistance exceptionnelle \u00e0 l&#8217;usure, aux taches et \u00e0 l&#8217;humidit\u00e9, ce qui en fait un choix pratique et durable pour n&#8217;importe quel espace. La finition mate du carreau SERENO CENERE RECT 60X60 offre une surface antid\u00e9rapante et facile \u00e0 entretenir. Ce carreau est un choix \u00e9l\u00e9gant et intemporel qui apporte une touche de s\u00e9r\u00e9nit\u00e9 et de sophistication \u00e0 tout environnement, compl\u00e9tant parfaitement l&#8217;esth\u00e9tique d&#8217;inspiration toscane de la s\u00e9rie Antico Casale.    <\/p>","protected":false},"excerpt":{"rendered":"<p>SERENO CENERE RECT 60X60Le carreau SERENO CENERE RECT 60X60, qui fait partie de la s\u00e9rie Antico Casale, pr\u00e9sente une teinte cendr\u00e9e, un gris \u00e9l\u00e9gant et polyvalent qui s&#8217;adapte \u00e0 un large \u00e9ventail de styles d\u00e9coratifs. Son format carr\u00e9 de 60&#215;60 cm et son bord rectifi\u00e9 permettent de cr\u00e9er des surfaces continues et modernes, id\u00e9ales pour [&hellip;]<\/p>\n","protected":false},"featured_media":552548,"comment_status":"open","ping_status":"closed","template":"","meta":[],"product_brand":[],"product_cat":[353,355,356,354],"product_tag":[],"class_list":{"0":"post-552665","1":"product","2":"type-product","3":"status-publish","4":"has-post-thumbnail","6":"product_cat-carrelage","7":"product_cat-cuisines","8":"product_cat-faiences","9":"product_cat-carrelage-salle-de-bain","11":"first","12":"instock","13":"shipping-taxable","14":"purchasable","15":"product-type-simple"},"_links":{"self":[{"href":"https:\/\/tilefly.com\/fr\/wp-json\/wp\/v2\/product\/552665","targetHints":{"allow":["GET"]}}],"collection":[{"href":"https:\/\/tilefly.com\/fr\/wp-json\/wp\/v2\/product"}],"about":[{"href":"https:\/\/tilefly.com\/fr\/wp-json\/wp\/v2\/types\/product"}],"replies":[{"embeddable":true,"href":"https:\/\/tilefly.com\/fr\/wp-json\/wp\/v2\/comments?post=552665"}],"wp:featuredmedia":[{"embeddable":true,"href":"https:\/\/tilefly.com\/fr\/wp-json\/wp\/v2\/media\/552548"}],"wp:attachment":[{"href":"https:\/\/tilefly.com\/fr\/wp-json\/wp\/v2\/media?parent=552665"}],"wp:term":[{"taxonomy":"product_brand","embeddable":true,"href":"https:\/\/tilefly.com\/fr\/wp-json\/wp\/v2\/product_brand?post=552665"},{"taxonomy":"product_cat","embeddable":true,"href":"https:\/\/tilefly.com\/fr\/wp-json\/wp\/v2\/product_cat?post=552665"},{"taxonomy":"product_tag","embeddable":true,"href":"https:\/\/tilefly.com\/fr\/wp-json\/wp\/v2\/product_tag?post=552665"}],"curies":[{"name":"wp","href":"https:\/\/api.w.org\/{rel}","templated":true}]}}