{"id":552664,"date":"2025-02-14T18:49:58","date_gmt":"2025-02-14T17:49:58","guid":{"rendered":"https:\/\/tilefly.com\/producto\/nesso-cenere-mix-rect-20x20\/"},"modified":"2025-02-15T01:59:55","modified_gmt":"2025-02-15T00:59:55","slug":"nesso-cenere-mix-rect-20x20","status":"publish","type":"product","link":"https:\/\/tilefly.com\/fr\/produit\/nesso-cenere-mix-rect-20x20\/","title":{"rendered":"NESSO CENERE MIX RECT 20X20"},"content":{"rendered":"<h2><strong>NESSO CENERE MIX RECT 20X20<\/strong><\/h2><p>NESSO CENERE MIX RECT 20X20 est une explosion de cr\u00e9ativit\u00e9 dans un format compact. Avec son m\u00e9lange vibrant de tons cendr\u00e9s, ce gr\u00e8s c\u00e9rame de 20&#215;20 cm, rectifi\u00e9 pour une pose pr\u00e9cise, apporte une touche de dynamisme et d&#8217;originalit\u00e9 \u00e0 n&#8217;importe quel espace. Sa finition mate et sa r\u00e9sistance le rendent id\u00e9al pour les sols, o\u00f9 il peut cr\u00e9er des motifs g\u00e9om\u00e9triques uniques ou \u00eatre combin\u00e9 avec d&#8217;autres mod\u00e8les de la s\u00e9rie <a href=\"https:\/\/tilefly.com\/producto\/antico-casale\/\">Antico Casale<\/a>. Inspir\u00e9 par l&#8217;artisanat italien, ce carreau est une d\u00e9claration de style qui \u00e9voque la riche culture et l&#8217;art de la Toscane.   <\/p>","protected":false},"excerpt":{"rendered":"<p>NESSO CENERE MIX RECT 20X20NESSO CENERE MIX RECT 20X20 est une explosion de cr\u00e9ativit\u00e9 dans un format compact. Avec son m\u00e9lange vibrant de tons cendr\u00e9s, ce gr\u00e8s c\u00e9rame de 20&#215;20 cm, rectifi\u00e9 pour une pose pr\u00e9cise, apporte une touche de dynamisme et d&#8217;originalit\u00e9 \u00e0 n&#8217;importe quel espace. Sa finition mate et sa r\u00e9sistance le rendent [&hellip;]<\/p>\n","protected":false},"featured_media":552574,"comment_status":"open","ping_status":"closed","template":"","meta":[],"product_brand":[],"product_cat":[353,355,356,354],"product_tag":[],"class_list":{"0":"post-552664","1":"product","2":"type-product","3":"status-publish","4":"has-post-thumbnail","6":"product_cat-carrelage","7":"product_cat-cuisines","8":"product_cat-faiences","9":"product_cat-carrelage-salle-de-bain","11":"first","12":"instock","13":"shipping-taxable","14":"purchasable","15":"product-type-simple"},"_links":{"self":[{"href":"https:\/\/tilefly.com\/fr\/wp-json\/wp\/v2\/product\/552664","targetHints":{"allow":["GET"]}}],"collection":[{"href":"https:\/\/tilefly.com\/fr\/wp-json\/wp\/v2\/product"}],"about":[{"href":"https:\/\/tilefly.com\/fr\/wp-json\/wp\/v2\/types\/product"}],"replies":[{"embeddable":true,"href":"https:\/\/tilefly.com\/fr\/wp-json\/wp\/v2\/comments?post=552664"}],"wp:featuredmedia":[{"embeddable":true,"href":"https:\/\/tilefly.com\/fr\/wp-json\/wp\/v2\/media\/552574"}],"wp:attachment":[{"href":"https:\/\/tilefly.com\/fr\/wp-json\/wp\/v2\/media?parent=552664"}],"wp:term":[{"taxonomy":"product_brand","embeddable":true,"href":"https:\/\/tilefly.com\/fr\/wp-json\/wp\/v2\/product_brand?post=552664"},{"taxonomy":"product_cat","embeddable":true,"href":"https:\/\/tilefly.com\/fr\/wp-json\/wp\/v2\/product_cat?post=552664"},{"taxonomy":"product_tag","embeddable":true,"href":"https:\/\/tilefly.com\/fr\/wp-json\/wp\/v2\/product_tag?post=552664"}],"curies":[{"name":"wp","href":"https:\/\/api.w.org\/{rel}","templated":true}]}}