{"id":550741,"date":"2025-01-22T21:43:02","date_gmt":"2025-01-22T20:43:02","guid":{"rendered":"https:\/\/tilefly.com\/?post_type=product&#038;p=550741"},"modified":"2025-01-22T21:43:05","modified_gmt":"2025-01-22T20:43:05","slug":"arabescato","status":"publish","type":"product","link":"https:\/\/tilefly.com\/fr\/produit\/arabescato\/","title":{"rendered":"ARABESCATO"},"content":{"rendered":"<p>Los Alpes Apuanos esconden maravillas en sus cordilleras. Entre ellas, sus canteras de m\u00e1rmol Calacatta Corchia. Esta piedra destaca por una gr\u00e1fica elegante y poderosa. Su apariencia sofisticada sirvi\u00f3 durante siglos de pavimento para las villas se\u00f1oriales e iglesias m\u00e1s importantes de Italia. Su dise\u00f1o presenta unas vetas marcadas de color crema que se entrelazan con hilos grises. El resultado: piezas con acabos brillo y mate y un relieve, Kleeb Matt, que es espectacularmente suave.<\/p>","protected":false},"excerpt":{"rendered":"<p>Los Alpes Apuanos esconden maravillas en sus cordilleras. Entre ellas, sus canteras de m\u00e1rmol Calacatta Corchia. Esta piedra destaca por una gr\u00e1fica elegante y poderosa. Su apariencia sofisticada sirvi\u00f3 durante siglos de pavimento para las villas se\u00f1oriales e iglesias m\u00e1s importantes de Italia. Su dise\u00f1o presenta unas vetas marcadas de color crema que se entrelazan con hilos grises. El resultado: piezas con acabos brillo y mate y un relieve, Kleeb Matt, que es espectacularmente suave.<\/p>\n","protected":false},"featured_media":550704,"comment_status":"closed","ping_status":"closed","template":"","meta":[],"product_brand":[],"product_cat":[353,354,355,356,357],"product_tag":[],"class_list":{"0":"post-550741","1":"product","2":"type-product","3":"status-publish","4":"has-post-thumbnail","6":"product_cat-carrelage","7":"product_cat-carrelage-salle-de-bain","8":"product_cat-cuisines","9":"product_cat-faiences","10":"product_cat-carrelage-salon","12":"first","13":"instock","14":"shipping-taxable","15":"product-type-grouped"},"_links":{"self":[{"href":"https:\/\/tilefly.com\/fr\/wp-json\/wp\/v2\/product\/550741","targetHints":{"allow":["GET"]}}],"collection":[{"href":"https:\/\/tilefly.com\/fr\/wp-json\/wp\/v2\/product"}],"about":[{"href":"https:\/\/tilefly.com\/fr\/wp-json\/wp\/v2\/types\/product"}],"replies":[{"embeddable":true,"href":"https:\/\/tilefly.com\/fr\/wp-json\/wp\/v2\/comments?post=550741"}],"wp:featuredmedia":[{"embeddable":true,"href":"https:\/\/tilefly.com\/fr\/wp-json\/wp\/v2\/media\/550704"}],"wp:attachment":[{"href":"https:\/\/tilefly.com\/fr\/wp-json\/wp\/v2\/media?parent=550741"}],"wp:term":[{"taxonomy":"product_brand","embeddable":true,"href":"https:\/\/tilefly.com\/fr\/wp-json\/wp\/v2\/product_brand?post=550741"},{"taxonomy":"product_cat","embeddable":true,"href":"https:\/\/tilefly.com\/fr\/wp-json\/wp\/v2\/product_cat?post=550741"},{"taxonomy":"product_tag","embeddable":true,"href":"https:\/\/tilefly.com\/fr\/wp-json\/wp\/v2\/product_tag?post=550741"}],"curies":[{"name":"wp","href":"https:\/\/api.w.org\/{rel}","templated":true}]}}