{"id":550723,"date":"2025-01-22T21:25:43","date_gmt":"2025-01-22T20:25:43","guid":{"rendered":"https:\/\/tilefly.com\/producto\/clover-green-matt-rect-60x120\/"},"modified":"2025-10-29T09:36:57","modified_gmt":"2025-10-29T08:36:57","slug":"clover-green-matt-rect-60x120","status":"publish","type":"product","link":"https:\/\/tilefly.com\/fr\/produit\/clover-green-matt-rect-60x120\/","title":{"rendered":"CLOVER GREEN MATT RECT 60X120"},"content":{"rendered":"<h2><strong>CLOVER GREEN MATT RECT 60X120<\/strong><\/h2><p>El <strong>Clover Green Matt Rect 60&#215;120<\/strong> combina un dise\u00f1o minimalista con una tonalidad verde natural que aporta frescura y elegancia a cualquier espacio. Su acabado mate resalta la belleza del m\u00e1rmol con un estilo contempor\u00e1neo.<\/p><p>Parte de la colecci\u00f3n <a href='https:\/\/tilefly.com\/producto\/arabescato\/'>Arabescato<\/a>, este pavimento porcel\u00e1nico es ideal para quienes buscan crear ambientes modernos y relajantes.<\/p><p>Con Clover Green Matt Rect 60&#215;120, lleva el dise\u00f1o a un nivel superior con un pavimento \u00fanico.<\/p>","protected":false},"excerpt":{"rendered":"<p>CLOVER GREEN MATT RECT 60X120El Clover Green Matt Rect 60&#215;120 combina un dise\u00f1o minimalista con una tonalidad verde natural que aporta frescura y elegancia a cualquier espacio. Su acabado mate resalta la belleza del m\u00e1rmol con un estilo contempor\u00e1neo.Parte de la colecci\u00f3n Arabescato, este pavimento porcel\u00e1nico es ideal para quienes buscan crear ambientes modernos y [&hellip;]<\/p>\n","protected":false},"featured_media":550711,"comment_status":"open","ping_status":"closed","template":"","meta":[],"product_brand":[],"product_cat":[303,305,306,304],"product_tag":[],"class_list":{"0":"post-550723","1":"product","2":"type-product","3":"status-publish","4":"has-post-thumbnail","6":"product_cat-baldosas","7":"product_cat-banos","8":"product_cat-cocina","9":"product_cat-revestimiento","11":"first","12":"instock","13":"shipping-taxable","14":"purchasable","15":"product-type-simple"},"_links":{"self":[{"href":"https:\/\/tilefly.com\/fr\/wp-json\/wp\/v2\/product\/550723","targetHints":{"allow":["GET"]}}],"collection":[{"href":"https:\/\/tilefly.com\/fr\/wp-json\/wp\/v2\/product"}],"about":[{"href":"https:\/\/tilefly.com\/fr\/wp-json\/wp\/v2\/types\/product"}],"replies":[{"embeddable":true,"href":"https:\/\/tilefly.com\/fr\/wp-json\/wp\/v2\/comments?post=550723"}],"wp:featuredmedia":[{"embeddable":true,"href":"https:\/\/tilefly.com\/fr\/wp-json\/wp\/v2\/media\/550711"}],"wp:attachment":[{"href":"https:\/\/tilefly.com\/fr\/wp-json\/wp\/v2\/media?parent=550723"}],"wp:term":[{"taxonomy":"product_brand","embeddable":true,"href":"https:\/\/tilefly.com\/fr\/wp-json\/wp\/v2\/product_brand?post=550723"},{"taxonomy":"product_cat","embeddable":true,"href":"https:\/\/tilefly.com\/fr\/wp-json\/wp\/v2\/product_cat?post=550723"},{"taxonomy":"product_tag","embeddable":true,"href":"https:\/\/tilefly.com\/fr\/wp-json\/wp\/v2\/product_tag?post=550723"}],"curies":[{"name":"wp","href":"https:\/\/api.w.org\/{rel}","templated":true}]}}