{"id":550337,"date":"2024-12-24T14:53:22","date_gmt":"2024-12-24T13:53:22","guid":{"rendered":"https:\/\/tilefly.com\/producto\/fiori-tortora-rect-90x90\/"},"modified":"2024-12-24T15:13:16","modified_gmt":"2024-12-24T14:13:16","slug":"fiori-tortora-rect-90x90","status":"publish","type":"product","link":"https:\/\/tilefly.com\/fr\/produit\/fiori-tortora-rect-90x90\/","title":{"rendered":"FIORI TORTORA RECT 90X90"},"content":{"rendered":"<h2><strong>FIORI TORTORA RECT 90X90<\/strong><\/h2><p>FIORI TORTORA RECT 90X90 en ton brun se distingue par son motif floral sur un fond chaud. Id\u00e9al pour les sols modernes, il pr\u00e9sente une finition mate et des caract\u00e9ristiques antid\u00e9rapantes. Pour en savoir plus sur la s\u00e9rie <a href=\"https:\/\/tilefly.com\/producto\/ama\/\">AMA, cliquez ici.<\/a>  <\/p>","protected":false},"excerpt":{"rendered":"<p>FIORI TORTORA RECT 90X90FIORI TORTORA RECT 90X90 en ton brun se distingue par son motif floral sur un fond chaud. Id\u00e9al pour les sols modernes, il pr\u00e9sente une finition mate et des caract\u00e9ristiques antid\u00e9rapantes. Pour en savoir plus sur la s\u00e9rie AMA, cliquez ici.<\/p>\n","protected":false},"featured_media":550066,"comment_status":"open","ping_status":"closed","template":"","meta":[],"product_brand":[],"product_cat":[353,355,356,354],"product_tag":[],"class_list":{"0":"post-550337","1":"product","2":"type-product","3":"status-publish","4":"has-post-thumbnail","6":"product_cat-carrelage","7":"product_cat-cuisines","8":"product_cat-faiences","9":"product_cat-carrelage-salle-de-bain","11":"first","12":"instock","13":"shipping-taxable","14":"purchasable","15":"product-type-simple"},"_links":{"self":[{"href":"https:\/\/tilefly.com\/fr\/wp-json\/wp\/v2\/product\/550337","targetHints":{"allow":["GET"]}}],"collection":[{"href":"https:\/\/tilefly.com\/fr\/wp-json\/wp\/v2\/product"}],"about":[{"href":"https:\/\/tilefly.com\/fr\/wp-json\/wp\/v2\/types\/product"}],"replies":[{"embeddable":true,"href":"https:\/\/tilefly.com\/fr\/wp-json\/wp\/v2\/comments?post=550337"}],"wp:featuredmedia":[{"embeddable":true,"href":"https:\/\/tilefly.com\/fr\/wp-json\/wp\/v2\/media\/550066"}],"wp:attachment":[{"href":"https:\/\/tilefly.com\/fr\/wp-json\/wp\/v2\/media?parent=550337"}],"wp:term":[{"taxonomy":"product_brand","embeddable":true,"href":"https:\/\/tilefly.com\/fr\/wp-json\/wp\/v2\/product_brand?post=550337"},{"taxonomy":"product_cat","embeddable":true,"href":"https:\/\/tilefly.com\/fr\/wp-json\/wp\/v2\/product_cat?post=550337"},{"taxonomy":"product_tag","embeddable":true,"href":"https:\/\/tilefly.com\/fr\/wp-json\/wp\/v2\/product_tag?post=550337"}],"curies":[{"name":"wp","href":"https:\/\/api.w.org\/{rel}","templated":true}]}}