{"id":550316,"date":"2024-12-24T14:52:50","date_gmt":"2024-12-24T13:52:50","guid":{"rendered":"https:\/\/tilefly.com\/producto\/ricetta-grigio-taglio-15x15\/"},"modified":"2024-12-24T15:12:52","modified_gmt":"2024-12-24T14:12:52","slug":"ricetta-grigio-taglio-15x15","status":"publish","type":"product","link":"https:\/\/tilefly.com\/fr\/produit\/ricetta-grigio-taglio-15x15\/","title":{"rendered":"RICETTA GRIGIO TAGLIO 15X15"},"content":{"rendered":"<h2><strong>RICETTA GRIGIO TAGLIO 15X15<\/strong><\/h2><p>RICETTA GRIGIO TAGLIO 15X15 se distingue par son ton gris neutre et son format compact, id\u00e9al pour les rev\u00eatements de sol aux d\u00e9tails cr\u00e9atifs. Son design mat et antid\u00e9rapant garantit style et s\u00e9curit\u00e9. Pour en savoir plus sur la s\u00e9rie <a href=\"https:\/\/tilefly.com\/producto\/ama\/\">AMA, cliquez ici.<\/a>  <\/p>","protected":false},"excerpt":{"rendered":"<p>RICETTA GRIGIO TAGLIO 15X15RICETTA GRIGIO TAGLIO 15X15 se distingue par son ton gris neutre et son format compact, id\u00e9al pour les rev\u00eatements de sol aux d\u00e9tails cr\u00e9atifs. Son design mat et antid\u00e9rapant garantit style et s\u00e9curit\u00e9. Pour en savoir plus sur la s\u00e9rie AMA, cliquez ici.<\/p>\n","protected":false},"featured_media":549988,"comment_status":"open","ping_status":"closed","template":"","meta":[],"product_brand":[],"product_cat":[353,355,356,354],"product_tag":[],"class_list":{"0":"post-550316","1":"product","2":"type-product","3":"status-publish","4":"has-post-thumbnail","6":"product_cat-carrelage","7":"product_cat-cuisines","8":"product_cat-faiences","9":"product_cat-carrelage-salle-de-bain","11":"first","12":"instock","13":"shipping-taxable","14":"purchasable","15":"product-type-simple"},"_links":{"self":[{"href":"https:\/\/tilefly.com\/fr\/wp-json\/wp\/v2\/product\/550316","targetHints":{"allow":["GET"]}}],"collection":[{"href":"https:\/\/tilefly.com\/fr\/wp-json\/wp\/v2\/product"}],"about":[{"href":"https:\/\/tilefly.com\/fr\/wp-json\/wp\/v2\/types\/product"}],"replies":[{"embeddable":true,"href":"https:\/\/tilefly.com\/fr\/wp-json\/wp\/v2\/comments?post=550316"}],"wp:featuredmedia":[{"embeddable":true,"href":"https:\/\/tilefly.com\/fr\/wp-json\/wp\/v2\/media\/549988"}],"wp:attachment":[{"href":"https:\/\/tilefly.com\/fr\/wp-json\/wp\/v2\/media?parent=550316"}],"wp:term":[{"taxonomy":"product_brand","embeddable":true,"href":"https:\/\/tilefly.com\/fr\/wp-json\/wp\/v2\/product_brand?post=550316"},{"taxonomy":"product_cat","embeddable":true,"href":"https:\/\/tilefly.com\/fr\/wp-json\/wp\/v2\/product_cat?post=550316"},{"taxonomy":"product_tag","embeddable":true,"href":"https:\/\/tilefly.com\/fr\/wp-json\/wp\/v2\/product_tag?post=550316"}],"curies":[{"name":"wp","href":"https:\/\/api.w.org\/{rel}","templated":true}]}}