{"id":550315,"date":"2024-12-24T14:51:47","date_gmt":"2024-12-24T13:51:47","guid":{"rendered":"https:\/\/tilefly.com\/producto\/fiori-grigio-rect-60x60\/"},"modified":"2024-12-24T15:12:52","modified_gmt":"2024-12-24T14:12:52","slug":"fiori-grigio-rect-60x60","status":"publish","type":"product","link":"https:\/\/tilefly.com\/fr\/produit\/fiori-grigio-rect-60x60\/","title":{"rendered":"FIORI GRIGIO RECT 60X60"},"content":{"rendered":"<h2><strong>FIORI GRIGIO RECT 60X60<\/strong><\/h2><p>FIORI GRIGIO RECT 60X60 en gris combine des motifs floraux d\u00e9licats avec une texture imitation ciment. Sa finition mate et son design antid\u00e9rapant garantissent style et fonctionnalit\u00e9. Pour en savoir plus sur la s\u00e9rie <a href=\"https:\/\/tilefly.com\/producto\/ama\/\">AMA, cliquez ici<\/a>.  <\/p>","protected":false},"excerpt":{"rendered":"<p>FIORI GRIGIO RECT 60X60FIORI GRIGIO RECT 60X60 en gris combine des motifs floraux d\u00e9licats avec une texture imitation ciment. Sa finition mate et son design antid\u00e9rapant garantissent style et fonctionnalit\u00e9. Pour en savoir plus sur la s\u00e9rie AMA, cliquez ici.<\/p>\n","protected":false},"featured_media":549923,"comment_status":"open","ping_status":"closed","template":"","meta":[],"product_brand":[],"product_cat":[353,355,356,354],"product_tag":[],"class_list":{"0":"post-550315","1":"product","2":"type-product","3":"status-publish","4":"has-post-thumbnail","6":"product_cat-carrelage","7":"product_cat-cuisines","8":"product_cat-faiences","9":"product_cat-carrelage-salle-de-bain","11":"first","12":"instock","13":"shipping-taxable","14":"purchasable","15":"product-type-simple"},"_links":{"self":[{"href":"https:\/\/tilefly.com\/fr\/wp-json\/wp\/v2\/product\/550315","targetHints":{"allow":["GET"]}}],"collection":[{"href":"https:\/\/tilefly.com\/fr\/wp-json\/wp\/v2\/product"}],"about":[{"href":"https:\/\/tilefly.com\/fr\/wp-json\/wp\/v2\/types\/product"}],"replies":[{"embeddable":true,"href":"https:\/\/tilefly.com\/fr\/wp-json\/wp\/v2\/comments?post=550315"}],"wp:featuredmedia":[{"embeddable":true,"href":"https:\/\/tilefly.com\/fr\/wp-json\/wp\/v2\/media\/549923"}],"wp:attachment":[{"href":"https:\/\/tilefly.com\/fr\/wp-json\/wp\/v2\/media?parent=550315"}],"wp:term":[{"taxonomy":"product_brand","embeddable":true,"href":"https:\/\/tilefly.com\/fr\/wp-json\/wp\/v2\/product_brand?post=550315"},{"taxonomy":"product_cat","embeddable":true,"href":"https:\/\/tilefly.com\/fr\/wp-json\/wp\/v2\/product_cat?post=550315"},{"taxonomy":"product_tag","embeddable":true,"href":"https:\/\/tilefly.com\/fr\/wp-json\/wp\/v2\/product_tag?post=550315"}],"curies":[{"name":"wp","href":"https:\/\/api.w.org\/{rel}","templated":true}]}}