{"id":550313,"date":"2024-12-24T14:51:34","date_gmt":"2024-12-24T13:51:34","guid":{"rendered":"https:\/\/tilefly.com\/producto\/fiori-cenere-rect-60x60\/"},"modified":"2024-12-24T15:12:46","modified_gmt":"2024-12-24T14:12:46","slug":"fiori-cenere-rect-60x60","status":"publish","type":"product","link":"https:\/\/tilefly.com\/fr\/produit\/fiori-cenere-rect-60x60\/","title":{"rendered":"FIORI CENERE RECT 60X60"},"content":{"rendered":"<h2><strong>FIORI CENERE RECT 60X60<\/strong><\/h2><p>FIORI CENERE RECT 60X60 associe un fond cendr\u00e9 \u00e0 de subtiles d\u00e9corations florales. Id\u00e9al pour les espaces cosy, il pr\u00e9sente une finition mate et des propri\u00e9t\u00e9s antid\u00e9rapantes. Pour en savoir plus sur la s\u00e9rie <a href=\"https:\/\/tilefly.com\/producto\/ama\/\">AMA, cliquez ici<\/a>.  <\/p>","protected":false},"excerpt":{"rendered":"<p>FIORI CENERE RECT 60X60FIORI CENERE RECT 60X60 associe un fond cendr\u00e9 \u00e0 de subtiles d\u00e9corations florales. Id\u00e9al pour les espaces cosy, il pr\u00e9sente une finition mate et des propri\u00e9t\u00e9s antid\u00e9rapantes. Pour en savoir plus sur la s\u00e9rie AMA, cliquez ici.<\/p>\n","protected":false},"featured_media":549897,"comment_status":"open","ping_status":"closed","template":"","meta":[],"product_brand":[],"product_cat":[353,355,356,354],"product_tag":[],"class_list":{"0":"post-550313","1":"product","2":"type-product","3":"status-publish","4":"has-post-thumbnail","6":"product_cat-carrelage","7":"product_cat-cuisines","8":"product_cat-faiences","9":"product_cat-carrelage-salle-de-bain","11":"first","12":"instock","13":"shipping-taxable","14":"purchasable","15":"product-type-simple"},"_links":{"self":[{"href":"https:\/\/tilefly.com\/fr\/wp-json\/wp\/v2\/product\/550313","targetHints":{"allow":["GET"]}}],"collection":[{"href":"https:\/\/tilefly.com\/fr\/wp-json\/wp\/v2\/product"}],"about":[{"href":"https:\/\/tilefly.com\/fr\/wp-json\/wp\/v2\/types\/product"}],"replies":[{"embeddable":true,"href":"https:\/\/tilefly.com\/fr\/wp-json\/wp\/v2\/comments?post=550313"}],"wp:featuredmedia":[{"embeddable":true,"href":"https:\/\/tilefly.com\/fr\/wp-json\/wp\/v2\/media\/549897"}],"wp:attachment":[{"href":"https:\/\/tilefly.com\/fr\/wp-json\/wp\/v2\/media?parent=550313"}],"wp:term":[{"taxonomy":"product_brand","embeddable":true,"href":"https:\/\/tilefly.com\/fr\/wp-json\/wp\/v2\/product_brand?post=550313"},{"taxonomy":"product_cat","embeddable":true,"href":"https:\/\/tilefly.com\/fr\/wp-json\/wp\/v2\/product_cat?post=550313"},{"taxonomy":"product_tag","embeddable":true,"href":"https:\/\/tilefly.com\/fr\/wp-json\/wp\/v2\/product_tag?post=550313"}],"curies":[{"name":"wp","href":"https:\/\/api.w.org\/{rel}","templated":true}]}}