{"id":550295,"date":"2024-12-24T14:50:51","date_gmt":"2024-12-24T13:50:51","guid":{"rendered":"https:\/\/tilefly.com\/producto\/ricetta-tortora-rect-60x120\/"},"modified":"2024-12-24T15:12:28","modified_gmt":"2024-12-24T14:12:28","slug":"ricetta-tortora-rect-60x120","status":"publish","type":"product","link":"https:\/\/tilefly.com\/fr\/produit\/ricetta-tortora-rect-60x120\/","title":{"rendered":"RICETTA TORTORA RECT 60X120"},"content":{"rendered":"<h2><strong>RICETTA TORTORA RECT 60X120<\/strong><\/h2><p>RICETTA TORTORA RECT 60X120 associe un fond brun chaud \u00e0 des motifs g\u00e9om\u00e9triques qui apportent dynamisme et cr\u00e9ativit\u00e9. Id\u00e9al pour les sols contemporains, il pr\u00e9sente une finition mate et des propri\u00e9t\u00e9s antid\u00e9rapantes. Pour en savoir plus sur la s\u00e9rie <a href=\"https:\/\/tilefly.com\/producto\/ama\/\">AMA, cliquez ici.<\/a>  <\/p>","protected":false},"excerpt":{"rendered":"<p>RICETTA TORTORA RECT 60X120RICETTA TORTORA RECT 60X120 associe un fond brun chaud \u00e0 des motifs g\u00e9om\u00e9triques qui apportent dynamisme et cr\u00e9ativit\u00e9. Id\u00e9al pour les sols contemporains, il pr\u00e9sente une finition mate et des propri\u00e9t\u00e9s antid\u00e9rapantes. Pour en savoir plus sur la s\u00e9rie AMA, cliquez ici.<\/p>\n","protected":false},"featured_media":549858,"comment_status":"open","ping_status":"closed","template":"","meta":[],"product_brand":[],"product_cat":[353,355,356,354],"product_tag":[],"class_list":{"0":"post-550295","1":"product","2":"type-product","3":"status-publish","4":"has-post-thumbnail","6":"product_cat-carrelage","7":"product_cat-cuisines","8":"product_cat-faiences","9":"product_cat-carrelage-salle-de-bain","11":"first","12":"instock","13":"shipping-taxable","14":"purchasable","15":"product-type-simple"},"_links":{"self":[{"href":"https:\/\/tilefly.com\/fr\/wp-json\/wp\/v2\/product\/550295","targetHints":{"allow":["GET"]}}],"collection":[{"href":"https:\/\/tilefly.com\/fr\/wp-json\/wp\/v2\/product"}],"about":[{"href":"https:\/\/tilefly.com\/fr\/wp-json\/wp\/v2\/types\/product"}],"replies":[{"embeddable":true,"href":"https:\/\/tilefly.com\/fr\/wp-json\/wp\/v2\/comments?post=550295"}],"wp:featuredmedia":[{"embeddable":true,"href":"https:\/\/tilefly.com\/fr\/wp-json\/wp\/v2\/media\/549858"}],"wp:attachment":[{"href":"https:\/\/tilefly.com\/fr\/wp-json\/wp\/v2\/media?parent=550295"}],"wp:term":[{"taxonomy":"product_brand","embeddable":true,"href":"https:\/\/tilefly.com\/fr\/wp-json\/wp\/v2\/product_brand?post=550295"},{"taxonomy":"product_cat","embeddable":true,"href":"https:\/\/tilefly.com\/fr\/wp-json\/wp\/v2\/product_cat?post=550295"},{"taxonomy":"product_tag","embeddable":true,"href":"https:\/\/tilefly.com\/fr\/wp-json\/wp\/v2\/product_tag?post=550295"}],"curies":[{"name":"wp","href":"https:\/\/api.w.org\/{rel}","templated":true}]}}