{"id":550287,"date":"2024-12-24T14:50:42","date_gmt":"2024-12-24T13:50:42","guid":{"rendered":"https:\/\/tilefly.com\/producto\/ricetta-avorio-rect-60x120\/"},"modified":"2024-12-24T15:12:13","modified_gmt":"2024-12-24T14:12:13","slug":"ricetta-avorio-rect-60x120","status":"publish","type":"product","link":"https:\/\/tilefly.com\/fr\/produit\/ricetta-avorio-rect-60x120\/","title":{"rendered":"RICETTA AVORIO RECT 60X120"},"content":{"rendered":"<h2><strong>RICETTA AVORIO RECT 60X120<\/strong><\/h2><p>RICETTA AVORIO RECT 60X120 combine un fond ivoire avec des motifs g\u00e9om\u00e9triques chauds, offrant un design unique et contemporain. Sa finition mate et ses propri\u00e9t\u00e9s antid\u00e9rapantes le rendent id\u00e9al pour les projets cr\u00e9atifs. Pour en savoir plus sur la s\u00e9rie <a href=\"https:\/\/tilefly.com\/producto\/ama\/\">AMA, cliquez ici<\/a>.  <\/p>","protected":false},"excerpt":{"rendered":"<p>RICETTA AVORIO RECT 60X120RICETTA AVORIO RECT 60X120 combine un fond ivoire avec des motifs g\u00e9om\u00e9triques chauds, offrant un design unique et contemporain. Sa finition mate et ses propri\u00e9t\u00e9s antid\u00e9rapantes le rendent id\u00e9al pour les projets cr\u00e9atifs. Pour en savoir plus sur la s\u00e9rie AMA, cliquez ici.<\/p>\n","protected":false},"featured_media":549819,"comment_status":"open","ping_status":"closed","template":"","meta":[],"product_brand":[],"product_cat":[353,355,356,354],"product_tag":[],"class_list":{"0":"post-550287","1":"product","2":"type-product","3":"status-publish","4":"has-post-thumbnail","6":"product_cat-carrelage","7":"product_cat-cuisines","8":"product_cat-faiences","9":"product_cat-carrelage-salle-de-bain","11":"first","12":"instock","13":"shipping-taxable","14":"purchasable","15":"product-type-simple"},"_links":{"self":[{"href":"https:\/\/tilefly.com\/fr\/wp-json\/wp\/v2\/product\/550287","targetHints":{"allow":["GET"]}}],"collection":[{"href":"https:\/\/tilefly.com\/fr\/wp-json\/wp\/v2\/product"}],"about":[{"href":"https:\/\/tilefly.com\/fr\/wp-json\/wp\/v2\/types\/product"}],"replies":[{"embeddable":true,"href":"https:\/\/tilefly.com\/fr\/wp-json\/wp\/v2\/comments?post=550287"}],"wp:featuredmedia":[{"embeddable":true,"href":"https:\/\/tilefly.com\/fr\/wp-json\/wp\/v2\/media\/549819"}],"wp:attachment":[{"href":"https:\/\/tilefly.com\/fr\/wp-json\/wp\/v2\/media?parent=550287"}],"wp:term":[{"taxonomy":"product_brand","embeddable":true,"href":"https:\/\/tilefly.com\/fr\/wp-json\/wp\/v2\/product_brand?post=550287"},{"taxonomy":"product_cat","embeddable":true,"href":"https:\/\/tilefly.com\/fr\/wp-json\/wp\/v2\/product_cat?post=550287"},{"taxonomy":"product_tag","embeddable":true,"href":"https:\/\/tilefly.com\/fr\/wp-json\/wp\/v2\/product_tag?post=550287"}],"curies":[{"name":"wp","href":"https:\/\/api.w.org\/{rel}","templated":true}]}}