{"id":550280,"date":"2024-12-24T14:50:31","date_gmt":"2024-12-24T13:50:31","guid":{"rendered":"https:\/\/tilefly.com\/producto\/ama-avorio-rect-60x60\/"},"modified":"2024-12-24T15:11:47","modified_gmt":"2024-12-24T14:11:47","slug":"ama-avorio-rect-60x60","status":"publish","type":"product","link":"https:\/\/tilefly.com\/fr\/produit\/ama-avorio-rect-60x60\/","title":{"rendered":"AMA AVORIO RECT 60X60"},"content":{"rendered":"<h2><strong>AMA AVORIO RECT 60X60<\/strong><\/h2><p>AMA AVORIO RECT 60X60 en ivoire apporte de la lumi\u00e8re et de la chaleur aux espaces. Avec une finition mate et un design antid\u00e9rapant, c&#8217;est une option pratique et attrayante. Pour en savoir plus sur la s\u00e9rie <a href=\"https:\/\/tilefly.com\/producto\/ama\/\">AMA, cliquez ici<\/a>.  <\/p>","protected":false},"excerpt":{"rendered":"<p>AMA AVORIO RECT 60X60AMA AVORIO RECT 60X60 en ivoire apporte de la lumi\u00e8re et de la chaleur aux espaces. Avec une finition mate et un design antid\u00e9rapant, c&#8217;est une option pratique et attrayante. Pour en savoir plus sur la s\u00e9rie AMA, cliquez ici.<\/p>\n","protected":false},"featured_media":549780,"comment_status":"open","ping_status":"closed","template":"","meta":[],"product_brand":[],"product_cat":[353,355,356,354],"product_tag":[],"class_list":{"0":"post-550280","1":"product","2":"type-product","3":"status-publish","4":"has-post-thumbnail","6":"product_cat-carrelage","7":"product_cat-cuisines","8":"product_cat-faiences","9":"product_cat-carrelage-salle-de-bain","11":"first","12":"instock","13":"shipping-taxable","14":"purchasable","15":"product-type-simple"},"_links":{"self":[{"href":"https:\/\/tilefly.com\/fr\/wp-json\/wp\/v2\/product\/550280","targetHints":{"allow":["GET"]}}],"collection":[{"href":"https:\/\/tilefly.com\/fr\/wp-json\/wp\/v2\/product"}],"about":[{"href":"https:\/\/tilefly.com\/fr\/wp-json\/wp\/v2\/types\/product"}],"replies":[{"embeddable":true,"href":"https:\/\/tilefly.com\/fr\/wp-json\/wp\/v2\/comments?post=550280"}],"wp:featuredmedia":[{"embeddable":true,"href":"https:\/\/tilefly.com\/fr\/wp-json\/wp\/v2\/media\/549780"}],"wp:attachment":[{"href":"https:\/\/tilefly.com\/fr\/wp-json\/wp\/v2\/media?parent=550280"}],"wp:term":[{"taxonomy":"product_brand","embeddable":true,"href":"https:\/\/tilefly.com\/fr\/wp-json\/wp\/v2\/product_brand?post=550280"},{"taxonomy":"product_cat","embeddable":true,"href":"https:\/\/tilefly.com\/fr\/wp-json\/wp\/v2\/product_cat?post=550280"},{"taxonomy":"product_tag","embeddable":true,"href":"https:\/\/tilefly.com\/fr\/wp-json\/wp\/v2\/product_tag?post=550280"}],"curies":[{"name":"wp","href":"https:\/\/api.w.org\/{rel}","templated":true}]}}