{"id":550270,"date":"2024-12-24T14:49:43","date_gmt":"2024-12-24T13:49:43","guid":{"rendered":"https:\/\/tilefly.com\/producto\/ama-avorio-rect-60x120\/"},"modified":"2024-12-24T15:11:39","modified_gmt":"2024-12-24T14:11:39","slug":"ama-avorio-rect-60x120","status":"publish","type":"product","link":"https:\/\/tilefly.com\/fr\/produit\/ama-avorio-rect-60x120\/","title":{"rendered":"AMA AVORIO RECT 60X120"},"content":{"rendered":"<h2><strong>AMA AVORIO RECT 60X120<\/strong><\/h2><p>AMA AVORIO RECT 60X120 en ivoire illumine n&#8217;importe quel espace avec son design \u00e9l\u00e9gant et sa finition mate. Ce gr\u00e8s c\u00e9rame est id\u00e9al pour les sols et poss\u00e8de des propri\u00e9t\u00e9s antid\u00e9rapantes pour plus de s\u00e9curit\u00e9. Pour en savoir plus sur la s\u00e9rie <a href=\"https:\/\/tilefly.com\/producto\/ama\/\">AMA, cliquez ici.<\/a>  <\/p>","protected":false},"excerpt":{"rendered":"<p>AMA AVORIO RECT 60X120AMA AVORIO RECT 60X120 en ivoire illumine n&#8217;importe quel espace avec son design \u00e9l\u00e9gant et sa finition mate. Ce gr\u00e8s c\u00e9rame est id\u00e9al pour les sols et poss\u00e8de des propri\u00e9t\u00e9s antid\u00e9rapantes pour plus de s\u00e9curit\u00e9. Pour en savoir plus sur la s\u00e9rie AMA, cliquez ici.<\/p>\n","protected":false},"featured_media":549715,"comment_status":"open","ping_status":"closed","template":"","meta":[],"product_brand":[],"product_cat":[353,355,356,354],"product_tag":[],"class_list":{"0":"post-550270","1":"product","2":"type-product","3":"status-publish","4":"has-post-thumbnail","6":"product_cat-carrelage","7":"product_cat-cuisines","8":"product_cat-faiences","9":"product_cat-carrelage-salle-de-bain","11":"first","12":"instock","13":"shipping-taxable","14":"purchasable","15":"product-type-simple"},"_links":{"self":[{"href":"https:\/\/tilefly.com\/fr\/wp-json\/wp\/v2\/product\/550270","targetHints":{"allow":["GET"]}}],"collection":[{"href":"https:\/\/tilefly.com\/fr\/wp-json\/wp\/v2\/product"}],"about":[{"href":"https:\/\/tilefly.com\/fr\/wp-json\/wp\/v2\/types\/product"}],"replies":[{"embeddable":true,"href":"https:\/\/tilefly.com\/fr\/wp-json\/wp\/v2\/comments?post=550270"}],"wp:featuredmedia":[{"embeddable":true,"href":"https:\/\/tilefly.com\/fr\/wp-json\/wp\/v2\/media\/549715"}],"wp:attachment":[{"href":"https:\/\/tilefly.com\/fr\/wp-json\/wp\/v2\/media?parent=550270"}],"wp:term":[{"taxonomy":"product_brand","embeddable":true,"href":"https:\/\/tilefly.com\/fr\/wp-json\/wp\/v2\/product_brand?post=550270"},{"taxonomy":"product_cat","embeddable":true,"href":"https:\/\/tilefly.com\/fr\/wp-json\/wp\/v2\/product_cat?post=550270"},{"taxonomy":"product_tag","embeddable":true,"href":"https:\/\/tilefly.com\/fr\/wp-json\/wp\/v2\/product_tag?post=550270"}],"curies":[{"name":"wp","href":"https:\/\/api.w.org\/{rel}","templated":true}]}}