{"id":550213,"date":"2024-12-24T14:52:38","date_gmt":"2024-12-24T13:52:38","guid":{"rendered":"https:\/\/tilefly.com\/producto\/ricetta-cenere-taglio-15x15\/"},"modified":"2024-12-24T15:09:57","modified_gmt":"2024-12-24T14:09:57","slug":"ricetta-cenere-taglio-15x15","status":"publish","type":"product","link":"https:\/\/tilefly.com\/fr\/produit\/ricetta-cenere-taglio-15x15\/","title":{"rendered":"RICETTA CENERE TAGLIO 15X15"},"content":{"rendered":"<h2><strong>RICETTA CENERE TAGLIO 15X15<\/strong><\/h2><p>RICETTA CENERE TAGLIO 15X15 RICETTA CENERE TAGLIO 15X15 pr\u00e9sente un ton cendr\u00e9 sophistiqu\u00e9 dans un format compact qui dynamise tout projet. Sa finition mate et son design antid\u00e9rapant sont parfaits pour les sols modernes. Pour en savoir plus sur la s\u00e9rie <a href=\"https:\/\/tilefly.com\/producto\/ama\/\">AMA, cliquez ici<\/a>.  <\/p>","protected":false},"excerpt":{"rendered":"<p>RICETTA CENERE TAGLIO 15X15RICETTA CENERE TAGLIO 15X15 RICETTA CENERE TAGLIO 15X15 pr\u00e9sente un ton cendr\u00e9 sophistiqu\u00e9 dans un format compact qui dynamise tout projet. Sa finition mate et son design antid\u00e9rapant sont parfaits pour les sols modernes. Pour en savoir plus sur la s\u00e9rie AMA, cliquez ici.<\/p>\n","protected":false},"featured_media":549962,"comment_status":"open","ping_status":"closed","template":"","meta":[],"product_brand":[],"product_cat":[353,355,356,354],"product_tag":[],"class_list":{"0":"post-550213","1":"product","2":"type-product","3":"status-publish","4":"has-post-thumbnail","6":"product_cat-carrelage","7":"product_cat-cuisines","8":"product_cat-faiences","9":"product_cat-carrelage-salle-de-bain","11":"first","12":"instock","13":"shipping-taxable","14":"purchasable","15":"product-type-simple"},"_links":{"self":[{"href":"https:\/\/tilefly.com\/fr\/wp-json\/wp\/v2\/product\/550213","targetHints":{"allow":["GET"]}}],"collection":[{"href":"https:\/\/tilefly.com\/fr\/wp-json\/wp\/v2\/product"}],"about":[{"href":"https:\/\/tilefly.com\/fr\/wp-json\/wp\/v2\/types\/product"}],"replies":[{"embeddable":true,"href":"https:\/\/tilefly.com\/fr\/wp-json\/wp\/v2\/comments?post=550213"}],"wp:featuredmedia":[{"embeddable":true,"href":"https:\/\/tilefly.com\/fr\/wp-json\/wp\/v2\/media\/549962"}],"wp:attachment":[{"href":"https:\/\/tilefly.com\/fr\/wp-json\/wp\/v2\/media?parent=550213"}],"wp:term":[{"taxonomy":"product_brand","embeddable":true,"href":"https:\/\/tilefly.com\/fr\/wp-json\/wp\/v2\/product_brand?post=550213"},{"taxonomy":"product_cat","embeddable":true,"href":"https:\/\/tilefly.com\/fr\/wp-json\/wp\/v2\/product_cat?post=550213"},{"taxonomy":"product_tag","embeddable":true,"href":"https:\/\/tilefly.com\/fr\/wp-json\/wp\/v2\/product_tag?post=550213"}],"curies":[{"name":"wp","href":"https:\/\/api.w.org\/{rel}","templated":true}]}}