{"id":550202,"date":"2024-12-24T14:54:08","date_gmt":"2024-12-24T13:54:08","guid":{"rendered":"https:\/\/tilefly.com\/producto\/shape-avorio-rect-40x120\/"},"modified":"2024-12-24T15:09:41","modified_gmt":"2024-12-24T14:09:41","slug":"shape-avorio-rect-40x120","status":"publish","type":"product","link":"https:\/\/tilefly.com\/fr\/produit\/shape-avorio-rect-40x120\/","title":{"rendered":"SHAPE AVORIO RECT 40X120"},"content":{"rendered":"<h2><strong>FORME AVORIO RECT 40X120<\/strong><\/h2><p>SHAPE AVORIO RECT 40X120 en ivoire est un rev\u00eatement mural qui apporte de la texture et de la luminosit\u00e9 aux murs. Avec une finition mate et un design imitation ciment, il est parfait pour les projets \u00e9l\u00e9gants. Pour en savoir plus sur la s\u00e9rie <a href=\"https:\/\/tilefly.com\/producto\/ama\/\">AMA, cliquez ici<\/a>.  <\/p>","protected":false},"excerpt":{"rendered":"<p>FORME AVORIO RECT 40X120SHAPE AVORIO RECT 40X120 en ivoire est un rev\u00eatement mural qui apporte de la texture et de la luminosit\u00e9 aux murs. Avec une finition mate et un design imitation ciment, il est parfait pour les projets \u00e9l\u00e9gants. Pour en savoir plus sur la s\u00e9rie AMA, cliquez ici.<\/p>\n","protected":false},"featured_media":550157,"comment_status":"open","ping_status":"closed","template":"","meta":[],"product_brand":[],"product_cat":[355,356,354],"product_tag":[],"class_list":{"0":"post-550202","1":"product","2":"type-product","3":"status-publish","4":"has-post-thumbnail","6":"product_cat-cuisines","7":"product_cat-faiences","8":"product_cat-carrelage-salle-de-bain","10":"first","11":"instock","12":"shipping-taxable","13":"purchasable","14":"product-type-simple"},"_links":{"self":[{"href":"https:\/\/tilefly.com\/fr\/wp-json\/wp\/v2\/product\/550202","targetHints":{"allow":["GET"]}}],"collection":[{"href":"https:\/\/tilefly.com\/fr\/wp-json\/wp\/v2\/product"}],"about":[{"href":"https:\/\/tilefly.com\/fr\/wp-json\/wp\/v2\/types\/product"}],"replies":[{"embeddable":true,"href":"https:\/\/tilefly.com\/fr\/wp-json\/wp\/v2\/comments?post=550202"}],"wp:featuredmedia":[{"embeddable":true,"href":"https:\/\/tilefly.com\/fr\/wp-json\/wp\/v2\/media\/550157"}],"wp:attachment":[{"href":"https:\/\/tilefly.com\/fr\/wp-json\/wp\/v2\/media?parent=550202"}],"wp:term":[{"taxonomy":"product_brand","embeddable":true,"href":"https:\/\/tilefly.com\/fr\/wp-json\/wp\/v2\/product_brand?post=550202"},{"taxonomy":"product_cat","embeddable":true,"href":"https:\/\/tilefly.com\/fr\/wp-json\/wp\/v2\/product_cat?post=550202"},{"taxonomy":"product_tag","embeddable":true,"href":"https:\/\/tilefly.com\/fr\/wp-json\/wp\/v2\/product_tag?post=550202"}],"curies":[{"name":"wp","href":"https:\/\/api.w.org\/{rel}","templated":true}]}}