{"id":549159,"date":"2024-11-15T15:26:26","date_gmt":"2024-11-15T14:26:26","guid":{"rendered":"https:\/\/tilefly.com\/producto\/turquoise-matt-rect-60x120\/"},"modified":"2024-12-11T01:23:48","modified_gmt":"2024-12-11T00:23:48","slug":"turquoise-matt-rect-60x120","status":"publish","type":"product","link":"https:\/\/tilefly.com\/fr\/produit\/turquoise-matt-rect-60x120\/","title":{"rendered":"TURQUOISE MATT RECT 60X120"},"content":{"rendered":"<h2><strong>TURQUOISE MAT RECT 60X120<\/strong><\/h2><\/p><p>Apportez de la fra\u00eecheur et du style \u00e0 vos espaces avec <strong>TURQUOISE MATT RECT 60X120<\/strong>. Ce gr\u00e8s c\u00e9rame au ton turquoise vibrant est id\u00e9al pour les sols, offrant un design inspir\u00e9 de la beaut\u00e9 du marbre avec une finition mate qui allie \u00e9l\u00e9gance et modernit\u00e9. <\/p><p>Faisant partie de la collection <a href=\"https:\/\/tilefly.com\/producto\/tonality\/\">Tonality<\/a>, cette pi\u00e8ce est parfaite pour ceux qui cherchent \u00e0 remplir leur maison de vitalit\u00e9 et de design. Ses possibilit\u00e9s de combinaison vous permettront de cr\u00e9er des atmosph\u00e8res uniques et pleines de personnalit\u00e9. <\/p><p>Transformez n&#8217;importe quelle pi\u00e8ce en un espace plein d&#8217;\u00e9nergie avec cette pi\u00e8ce exclusive, et explorez les combinaisons infinies offertes par la s\u00e9rie Tonality.<\/p>","protected":false},"excerpt":{"rendered":"<p>TURQUOISE MAT RECT 60X120Apportez de la fra\u00eecheur et du style \u00e0 vos espaces avec TURQUOISE MATT RECT 60X120. Ce gr\u00e8s c\u00e9rame au ton turquoise vibrant est id\u00e9al pour les sols, offrant un design inspir\u00e9 de la beaut\u00e9 du marbre avec une finition mate qui allie \u00e9l\u00e9gance et modernit\u00e9. Faisant partie de la collection Tonality, cette [&hellip;]<\/p>\n","protected":false},"featured_media":545651,"comment_status":"open","ping_status":"closed","template":"","meta":[],"product_brand":[],"product_cat":[353,355,356,354],"product_tag":[],"class_list":{"0":"post-549159","1":"product","2":"type-product","3":"status-publish","4":"has-post-thumbnail","6":"product_cat-carrelage","7":"product_cat-cuisines","8":"product_cat-faiences","9":"product_cat-carrelage-salle-de-bain","11":"first","12":"instock","13":"shipping-taxable","14":"purchasable","15":"product-type-simple"},"_links":{"self":[{"href":"https:\/\/tilefly.com\/fr\/wp-json\/wp\/v2\/product\/549159","targetHints":{"allow":["GET"]}}],"collection":[{"href":"https:\/\/tilefly.com\/fr\/wp-json\/wp\/v2\/product"}],"about":[{"href":"https:\/\/tilefly.com\/fr\/wp-json\/wp\/v2\/types\/product"}],"replies":[{"embeddable":true,"href":"https:\/\/tilefly.com\/fr\/wp-json\/wp\/v2\/comments?post=549159"}],"wp:featuredmedia":[{"embeddable":true,"href":"https:\/\/tilefly.com\/fr\/wp-json\/wp\/v2\/media\/545651"}],"wp:attachment":[{"href":"https:\/\/tilefly.com\/fr\/wp-json\/wp\/v2\/media?parent=549159"}],"wp:term":[{"taxonomy":"product_brand","embeddable":true,"href":"https:\/\/tilefly.com\/fr\/wp-json\/wp\/v2\/product_brand?post=549159"},{"taxonomy":"product_cat","embeddable":true,"href":"https:\/\/tilefly.com\/fr\/wp-json\/wp\/v2\/product_cat?post=549159"},{"taxonomy":"product_tag","embeddable":true,"href":"https:\/\/tilefly.com\/fr\/wp-json\/wp\/v2\/product_tag?post=549159"}],"curies":[{"name":"wp","href":"https:\/\/api.w.org\/{rel}","templated":true}]}}