{"id":549156,"date":"2024-11-15T15:26:49","date_gmt":"2024-11-15T14:26:49","guid":{"rendered":"https:\/\/tilefly.com\/producto\/fortune-pol-rect-60x120\/"},"modified":"2024-12-11T01:23:37","modified_gmt":"2024-12-11T00:23:37","slug":"fortune-pol-rect-60x120","status":"publish","type":"product","link":"https:\/\/tilefly.com\/fr\/produit\/fortune-pol-rect-60x120\/","title":{"rendered":"FORTUNE POL RECT 60X120"},"content":{"rendered":"<h2><strong>FORTUNE POL RECT 60X120<\/strong><\/h2><\/p><p><strong>FORTUNE POL RECT 60X120<\/strong> se distingue par son ton moutarde vibrant et sa finition polie qui, ensemble, apportent \u00e9nergie et sophistication \u00e0 votre rev\u00eatement de sol. Ce gr\u00e8s c\u00e9rame \u00e0 l&#8217;aspect marbr\u00e9 est id\u00e9al pour \u00e9gayer et donner de la vie \u00e0 n&#8217;importe quel espace. <\/p><p>Faisant partie de la collection <a href=\"https:\/\/tilefly.com\/producto\/tonality\/\">Tonality<\/a>, cette pi\u00e8ce vous invite \u00e0 explorer des combinaisons audacieuses et pleines de personnalit\u00e9. Son design vivant est parfait pour ceux qui recherchent un style unique et contemporain. <\/p><p>Laissez la s\u00e9rie Tonality inspirer vos projets et cr\u00e9ez des environnements uniques avec cette pi\u00e8ce exceptionnelle.<\/p>","protected":false},"excerpt":{"rendered":"<p>FORTUNE POL RECT 60X120FORTUNE POL RECT 60X120 se distingue par son ton moutarde vibrant et sa finition polie qui, ensemble, apportent \u00e9nergie et sophistication \u00e0 votre rev\u00eatement de sol. Ce gr\u00e8s c\u00e9rame \u00e0 l&#8217;aspect marbr\u00e9 est id\u00e9al pour \u00e9gayer et donner de la vie \u00e0 n&#8217;importe quel espace. Faisant partie de la collection Tonality, cette [&hellip;]<\/p>\n","protected":false},"featured_media":545729,"comment_status":"open","ping_status":"closed","template":"","meta":[],"product_brand":[],"product_cat":[353,355,356,354],"product_tag":[],"class_list":{"0":"post-549156","1":"product","2":"type-product","3":"status-publish","4":"has-post-thumbnail","6":"product_cat-carrelage","7":"product_cat-cuisines","8":"product_cat-faiences","9":"product_cat-carrelage-salle-de-bain","11":"first","12":"instock","13":"shipping-taxable","14":"purchasable","15":"product-type-simple"},"_links":{"self":[{"href":"https:\/\/tilefly.com\/fr\/wp-json\/wp\/v2\/product\/549156","targetHints":{"allow":["GET"]}}],"collection":[{"href":"https:\/\/tilefly.com\/fr\/wp-json\/wp\/v2\/product"}],"about":[{"href":"https:\/\/tilefly.com\/fr\/wp-json\/wp\/v2\/types\/product"}],"replies":[{"embeddable":true,"href":"https:\/\/tilefly.com\/fr\/wp-json\/wp\/v2\/comments?post=549156"}],"wp:featuredmedia":[{"embeddable":true,"href":"https:\/\/tilefly.com\/fr\/wp-json\/wp\/v2\/media\/545729"}],"wp:attachment":[{"href":"https:\/\/tilefly.com\/fr\/wp-json\/wp\/v2\/media?parent=549156"}],"wp:term":[{"taxonomy":"product_brand","embeddable":true,"href":"https:\/\/tilefly.com\/fr\/wp-json\/wp\/v2\/product_brand?post=549156"},{"taxonomy":"product_cat","embeddable":true,"href":"https:\/\/tilefly.com\/fr\/wp-json\/wp\/v2\/product_cat?post=549156"},{"taxonomy":"product_tag","embeddable":true,"href":"https:\/\/tilefly.com\/fr\/wp-json\/wp\/v2\/product_tag?post=549156"}],"curies":[{"name":"wp","href":"https:\/\/api.w.org\/{rel}","templated":true}]}}