{"id":549152,"date":"2024-11-15T15:26:46","date_gmt":"2024-11-15T14:26:46","guid":{"rendered":"https:\/\/tilefly.com\/producto\/champagne-pol-rect-60x120\/"},"modified":"2024-12-11T01:23:32","modified_gmt":"2024-12-11T00:23:32","slug":"champagne-pol-rect-60x120","status":"publish","type":"product","link":"https:\/\/tilefly.com\/fr\/produit\/champagne-pol-rect-60x120\/","title":{"rendered":"CHAMPAGNE POL RECT 60X120"},"content":{"rendered":"<h2><strong>CHAMPAGNE POL RECT 60X120<\/strong><\/h2><\/p><p>Ce carrelage en gr\u00e8s <strong>c\u00e9rame<\/strong> de tonalit\u00e9 beige est id\u00e9al pour le rev\u00eatement de sol, offrant la sophistication de l&#8217;imitation marbre avec une finition polie qui apporte de la luminosit\u00e9 et de l&#8217;espace \u00e0 n&#8217;importe quelle pi\u00e8ce. <\/p><p>Appartenant \u00e0 la collection <a href=\"https:\/\/tilefly.com\/producto\/tonality\/\">Tonality<\/a>, cette pi\u00e8ce est parfaite pour cr\u00e9er des atmosph\u00e8res raffin\u00e9es et chaleureuses. Sa polyvalence vous permet de l&#8217;associer \u00e0 diff\u00e9rents styles et mat\u00e9riaux, du bois aux d\u00e9corations florales. <\/p><p>Profitez des possibilit\u00e9s infinies offertes par la s\u00e9rie Tonality et transformez votre int\u00e9rieur avec cette pi\u00e8ce exclusive et \u00e9l\u00e9gante.<\/p>","protected":false},"excerpt":{"rendered":"<p>CHAMPAGNE POL RECT 60X120Ce carrelage en gr\u00e8s c\u00e9rame de tonalit\u00e9 beige est id\u00e9al pour le rev\u00eatement de sol, offrant la sophistication de l&#8217;imitation marbre avec une finition polie qui apporte de la luminosit\u00e9 et de l&#8217;espace \u00e0 n&#8217;importe quelle pi\u00e8ce. Appartenant \u00e0 la collection Tonality, cette pi\u00e8ce est parfaite pour cr\u00e9er des atmosph\u00e8res raffin\u00e9es et [&hellip;]<\/p>\n","protected":false},"featured_media":545716,"comment_status":"open","ping_status":"closed","template":"","meta":[],"product_brand":[],"product_cat":[353,355,356,354],"product_tag":[],"class_list":{"0":"post-549152","1":"product","2":"type-product","3":"status-publish","4":"has-post-thumbnail","6":"product_cat-carrelage","7":"product_cat-cuisines","8":"product_cat-faiences","9":"product_cat-carrelage-salle-de-bain","11":"first","12":"instock","13":"shipping-taxable","14":"purchasable","15":"product-type-simple"},"_links":{"self":[{"href":"https:\/\/tilefly.com\/fr\/wp-json\/wp\/v2\/product\/549152","targetHints":{"allow":["GET"]}}],"collection":[{"href":"https:\/\/tilefly.com\/fr\/wp-json\/wp\/v2\/product"}],"about":[{"href":"https:\/\/tilefly.com\/fr\/wp-json\/wp\/v2\/types\/product"}],"replies":[{"embeddable":true,"href":"https:\/\/tilefly.com\/fr\/wp-json\/wp\/v2\/comments?post=549152"}],"wp:featuredmedia":[{"embeddable":true,"href":"https:\/\/tilefly.com\/fr\/wp-json\/wp\/v2\/media\/545716"}],"wp:attachment":[{"href":"https:\/\/tilefly.com\/fr\/wp-json\/wp\/v2\/media?parent=549152"}],"wp:term":[{"taxonomy":"product_brand","embeddable":true,"href":"https:\/\/tilefly.com\/fr\/wp-json\/wp\/v2\/product_brand?post=549152"},{"taxonomy":"product_cat","embeddable":true,"href":"https:\/\/tilefly.com\/fr\/wp-json\/wp\/v2\/product_cat?post=549152"},{"taxonomy":"product_tag","embeddable":true,"href":"https:\/\/tilefly.com\/fr\/wp-json\/wp\/v2\/product_tag?post=549152"}],"curies":[{"name":"wp","href":"https:\/\/api.w.org\/{rel}","templated":true}]}}