{"id":549143,"date":"2024-11-15T15:26:33","date_gmt":"2024-11-15T14:26:33","guid":{"rendered":"https:\/\/tilefly.com\/producto\/lead-matt-rect-60x120\/"},"modified":"2024-12-11T01:23:26","modified_gmt":"2024-12-11T00:23:26","slug":"lead-matt-rect-60x120","status":"publish","type":"product","link":"https:\/\/tilefly.com\/fr\/produit\/lead-matt-rect-60x120\/","title":{"rendered":"LEAD MATT RECT 60X120"},"content":{"rendered":"<h2><strong>PLOMB MAT RECT 60X120<\/strong><\/h2><\/p><p><strong>LEAD MATT RECT 60X120<\/strong> est le choix id\u00e9al pour ceux qui recherchent un style moderne et sophistiqu\u00e9. Son ton gris et sa finition mate offrent une interpr\u00e9tation contemporaine du marbre, parfaite pour les sols qui allient fonctionnalit\u00e9 et design. <\/p><p>Faisant partie de la collection <a href=\"https:\/\/tilefly.com\/producto\/tonality\/\">Tonality<\/a>, cette pi\u00e8ce se distingue par sa polyvalence et sa capacit\u00e9 \u00e0 s&#8217;adapter \u00e0 diff\u00e9rents styles d\u00e9coratifs, du minimaliste \u00e0 l&#8217;industriel.<\/p><p>Osez explorer les multiples combinaisons qu&#8217;offre la s\u00e9rie Tonality et cr\u00e9ez un espace plein de personnalit\u00e9 et de sophistication.<\/p>","protected":false},"excerpt":{"rendered":"<p>PLOMB MAT RECT 60X120LEAD MATT RECT 60X120 est le choix id\u00e9al pour ceux qui recherchent un style moderne et sophistiqu\u00e9. Son ton gris et sa finition mate offrent une interpr\u00e9tation contemporaine du marbre, parfaite pour les sols qui allient fonctionnalit\u00e9 et design. Faisant partie de la collection Tonality, cette pi\u00e8ce se distingue par sa polyvalence [&hellip;]<\/p>\n","protected":false},"featured_media":545677,"comment_status":"open","ping_status":"closed","template":"","meta":[],"product_brand":[],"product_cat":[353,355,356,354],"product_tag":[],"class_list":{"0":"post-549143","1":"product","2":"type-product","3":"status-publish","4":"has-post-thumbnail","6":"product_cat-carrelage","7":"product_cat-cuisines","8":"product_cat-faiences","9":"product_cat-carrelage-salle-de-bain","11":"first","12":"instock","13":"shipping-taxable","14":"purchasable","15":"product-type-simple"},"_links":{"self":[{"href":"https:\/\/tilefly.com\/fr\/wp-json\/wp\/v2\/product\/549143","targetHints":{"allow":["GET"]}}],"collection":[{"href":"https:\/\/tilefly.com\/fr\/wp-json\/wp\/v2\/product"}],"about":[{"href":"https:\/\/tilefly.com\/fr\/wp-json\/wp\/v2\/types\/product"}],"replies":[{"embeddable":true,"href":"https:\/\/tilefly.com\/fr\/wp-json\/wp\/v2\/comments?post=549143"}],"wp:featuredmedia":[{"embeddable":true,"href":"https:\/\/tilefly.com\/fr\/wp-json\/wp\/v2\/media\/545677"}],"wp:attachment":[{"href":"https:\/\/tilefly.com\/fr\/wp-json\/wp\/v2\/media?parent=549143"}],"wp:term":[{"taxonomy":"product_brand","embeddable":true,"href":"https:\/\/tilefly.com\/fr\/wp-json\/wp\/v2\/product_brand?post=549143"},{"taxonomy":"product_cat","embeddable":true,"href":"https:\/\/tilefly.com\/fr\/wp-json\/wp\/v2\/product_cat?post=549143"},{"taxonomy":"product_tag","embeddable":true,"href":"https:\/\/tilefly.com\/fr\/wp-json\/wp\/v2\/product_tag?post=549143"}],"curies":[{"name":"wp","href":"https:\/\/api.w.org\/{rel}","templated":true}]}}