{"id":549136,"date":"2024-11-15T15:26:29","date_gmt":"2024-11-15T14:26:29","guid":{"rendered":"https:\/\/tilefly.com\/producto\/tide-matt-rect-60x120\/"},"modified":"2024-12-11T01:23:22","modified_gmt":"2024-12-11T00:23:22","slug":"tide-matt-rect-60x120","status":"publish","type":"product","link":"https:\/\/tilefly.com\/fr\/produit\/tide-matt-rect-60x120\/","title":{"rendered":"TIDE MATT RECT 60X120"},"content":{"rendered":"<h2><strong>MAR\u00c9E MAT RECT 60X120<\/strong><\/h2><\/p><p><strong>TIDE MATT RECT 60X120<\/strong> allie le charme du bleu profond \u00e0 la texture lisse du marbre dans un gr\u00e8s c\u00e9rame parfait pour les sols. Sa finition mate apporte une touche moderne et sereine \u00e0 tout environnement, id\u00e9ale pour cr\u00e9er des espaces relaxants et sophistiqu\u00e9s. <\/p><p>Ce produit appartient \u00e0 la collection <a href=\"https:\/\/tilefly.com\/producto\/tonality\/\">Tonality<\/a>, une proposition vibrante et \u00e9l\u00e9gante qui vous invite \u00e0 exp\u00e9rimenter les couleurs et les textures pour concevoir des environnements uniques.<\/p><p>D\u00e9couvrez comment cette pi\u00e8ce exclusive peut transformer votre int\u00e9rieur en un lieu plein d&#8217;\u00e9l\u00e9gance et d&#8217;\u00e9nergie, en exploitant tout le potentiel de la s\u00e9rie Tonality.<\/p>","protected":false},"excerpt":{"rendered":"<p>MAR\u00c9E MAT RECT 60X120TIDE MATT RECT 60X120 allie le charme du bleu profond \u00e0 la texture lisse du marbre dans un gr\u00e8s c\u00e9rame parfait pour les sols. Sa finition mate apporte une touche moderne et sereine \u00e0 tout environnement, id\u00e9ale pour cr\u00e9er des espaces relaxants et sophistiqu\u00e9s. Ce produit appartient \u00e0 la collection Tonality, une [&hellip;]<\/p>\n","protected":false},"featured_media":545664,"comment_status":"open","ping_status":"closed","template":"","meta":[],"product_brand":[],"product_cat":[353,355,356,354],"product_tag":[],"class_list":{"0":"post-549136","1":"product","2":"type-product","3":"status-publish","4":"has-post-thumbnail","6":"product_cat-carrelage","7":"product_cat-cuisines","8":"product_cat-faiences","9":"product_cat-carrelage-salle-de-bain","11":"first","12":"instock","13":"shipping-taxable","14":"purchasable","15":"product-type-simple"},"_links":{"self":[{"href":"https:\/\/tilefly.com\/fr\/wp-json\/wp\/v2\/product\/549136","targetHints":{"allow":["GET"]}}],"collection":[{"href":"https:\/\/tilefly.com\/fr\/wp-json\/wp\/v2\/product"}],"about":[{"href":"https:\/\/tilefly.com\/fr\/wp-json\/wp\/v2\/types\/product"}],"replies":[{"embeddable":true,"href":"https:\/\/tilefly.com\/fr\/wp-json\/wp\/v2\/comments?post=549136"}],"wp:featuredmedia":[{"embeddable":true,"href":"https:\/\/tilefly.com\/fr\/wp-json\/wp\/v2\/media\/545664"}],"wp:attachment":[{"href":"https:\/\/tilefly.com\/fr\/wp-json\/wp\/v2\/media?parent=549136"}],"wp:term":[{"taxonomy":"product_brand","embeddable":true,"href":"https:\/\/tilefly.com\/fr\/wp-json\/wp\/v2\/product_brand?post=549136"},{"taxonomy":"product_cat","embeddable":true,"href":"https:\/\/tilefly.com\/fr\/wp-json\/wp\/v2\/product_cat?post=549136"},{"taxonomy":"product_tag","embeddable":true,"href":"https:\/\/tilefly.com\/fr\/wp-json\/wp\/v2\/product_tag?post=549136"}],"curies":[{"name":"wp","href":"https:\/\/api.w.org\/{rel}","templated":true}]}}