{"id":549125,"date":"2024-12-10T20:35:07","date_gmt":"2024-12-10T19:35:07","guid":{"rendered":"https:\/\/tilefly.com\/producto\/edge-stick-fado-sky-15x13\/"},"modified":"2024-12-10T20:50:13","modified_gmt":"2024-12-10T19:50:13","slug":"edge-stick-fado-sky-15x13","status":"publish","type":"product","link":"https:\/\/tilefly.com\/fr\/produit\/edge-stick-fado-sky-15x13\/","title":{"rendered":"EDGE STICK FADO SKY 1,5X13"},"content":{"rendered":"<h2><strong>B\u00c2TON DE BORDURE FADO SKY 1,5X13<\/strong><\/h2><\/p><p>Le carreau <strong>Edge Stick Fado Sky 1,5X13<\/strong>, qui fait partie de la s\u00e9rie <a href=\"https:\/\/tilefly.com\/producto\/fado\/\">Fado<\/a>, se distingue par son ton gris doux et son design d\u00e9coratif. Son format fin de 1,5&#215;13 cm et sa finition brillante sont id\u00e9aux pour les d\u00e9tails \u00e9l\u00e9gants. <\/p><p>Parfait pour les finitions dans les cuisines, les salles de bains ou les murs d\u00e9coratifs, ce carreau en p\u00e2te blanche assure une qualit\u00e9 et un style moderne et frais.<\/p><p>D\u00e9couvrez la collection <a href=\"https:\/\/tilefly.com\/producto\/fado\/\">Fado<\/a> et ajoutez une touche d\u00e9corative \u00e0 vos espaces.<\/p>","protected":false},"excerpt":{"rendered":"<p>B\u00c2TON DE BORDURE FADO SKY 1,5X13Le carreau Edge Stick Fado Sky 1,5X13, qui fait partie de la s\u00e9rie Fado, se distingue par son ton gris doux et son design d\u00e9coratif. Son format fin de 1,5&#215;13 cm et sa finition brillante sont id\u00e9aux pour les d\u00e9tails \u00e9l\u00e9gants. Parfait pour les finitions dans les cuisines, les salles [&hellip;]<\/p>\n","protected":false},"featured_media":548818,"comment_status":"open","ping_status":"closed","template":"","meta":[],"product_brand":[],"product_cat":[355,356,354],"product_tag":[],"class_list":{"0":"post-549125","1":"product","2":"type-product","3":"status-publish","4":"has-post-thumbnail","6":"product_cat-cuisines","7":"product_cat-faiences","8":"product_cat-carrelage-salle-de-bain","10":"first","11":"instock","12":"shipping-taxable","13":"purchasable","14":"product-type-simple"},"_links":{"self":[{"href":"https:\/\/tilefly.com\/fr\/wp-json\/wp\/v2\/product\/549125","targetHints":{"allow":["GET"]}}],"collection":[{"href":"https:\/\/tilefly.com\/fr\/wp-json\/wp\/v2\/product"}],"about":[{"href":"https:\/\/tilefly.com\/fr\/wp-json\/wp\/v2\/types\/product"}],"replies":[{"embeddable":true,"href":"https:\/\/tilefly.com\/fr\/wp-json\/wp\/v2\/comments?post=549125"}],"wp:featuredmedia":[{"embeddable":true,"href":"https:\/\/tilefly.com\/fr\/wp-json\/wp\/v2\/media\/548818"}],"wp:attachment":[{"href":"https:\/\/tilefly.com\/fr\/wp-json\/wp\/v2\/media?parent=549125"}],"wp:term":[{"taxonomy":"product_brand","embeddable":true,"href":"https:\/\/tilefly.com\/fr\/wp-json\/wp\/v2\/product_brand?post=549125"},{"taxonomy":"product_cat","embeddable":true,"href":"https:\/\/tilefly.com\/fr\/wp-json\/wp\/v2\/product_cat?post=549125"},{"taxonomy":"product_tag","embeddable":true,"href":"https:\/\/tilefly.com\/fr\/wp-json\/wp\/v2\/product_tag?post=549125"}],"curies":[{"name":"wp","href":"https:\/\/api.w.org\/{rel}","templated":true}]}}