{"id":549108,"date":"2024-12-10T20:34:37","date_gmt":"2024-12-10T19:34:37","guid":{"rendered":"https:\/\/tilefly.com\/producto\/tavares-beige-13x13\/"},"modified":"2024-12-10T20:50:04","modified_gmt":"2024-12-10T19:50:04","slug":"tavares-beige-13x13","status":"publish","type":"product","link":"https:\/\/tilefly.com\/fr\/produit\/tavares-beige-13x13\/","title":{"rendered":"TAVARES BEIGE 13X13"},"content":{"rendered":"<h2><strong>TAVARES BEIGE 13X13<\/strong><\/h2><\/p><p>Le carrelage <strong>Tavares Beige 13X13<\/strong>, de la s\u00e9rie <a href=\"https:\/\/tilefly.com\/producto\/fado\/\">Fado<\/a>, allie des tons chauds et un design \u00e9l\u00e9gant. Son format carr\u00e9 de 13&#215;13 cm et sa finition brillante sont parfaits pour cr\u00e9er des atmosph\u00e8res douces et sophistiqu\u00e9es. <\/p><p>Id\u00e9al pour les cuisines, les salles de bains ou les murs d\u00e9coratifs, ce carreau en p\u00e2te blanche garantit qualit\u00e9 et durabilit\u00e9, offrant une touche naturelle et \u00e9l\u00e9gante \u00e0 tout espace.<\/p><p>D\u00e9couvrez la collection <a href=\"https:\/\/tilefly.com\/producto\/fado\/\">Fado<\/a> et transformez vos projets gr\u00e2ce \u00e0 un design intemporel.<\/p>","protected":false},"excerpt":{"rendered":"<p>TAVARES BEIGE 13X13Le carrelage Tavares Beige 13X13, de la s\u00e9rie Fado, allie des tons chauds et un design \u00e9l\u00e9gant. Son format carr\u00e9 de 13&#215;13 cm et sa finition brillante sont parfaits pour cr\u00e9er des atmosph\u00e8res douces et sophistiqu\u00e9es. Id\u00e9al pour les cuisines, les salles de bains ou les murs d\u00e9coratifs, ce carreau en p\u00e2te blanche [&hellip;]<\/p>\n","protected":false},"featured_media":548668,"comment_status":"open","ping_status":"closed","template":"","meta":[],"product_brand":[],"product_cat":[355,356,354],"product_tag":[],"class_list":{"0":"post-549108","1":"product","2":"type-product","3":"status-publish","4":"has-post-thumbnail","6":"product_cat-cuisines","7":"product_cat-faiences","8":"product_cat-carrelage-salle-de-bain","10":"first","11":"instock","12":"shipping-taxable","13":"purchasable","14":"product-type-simple"},"_links":{"self":[{"href":"https:\/\/tilefly.com\/fr\/wp-json\/wp\/v2\/product\/549108","targetHints":{"allow":["GET"]}}],"collection":[{"href":"https:\/\/tilefly.com\/fr\/wp-json\/wp\/v2\/product"}],"about":[{"href":"https:\/\/tilefly.com\/fr\/wp-json\/wp\/v2\/types\/product"}],"replies":[{"embeddable":true,"href":"https:\/\/tilefly.com\/fr\/wp-json\/wp\/v2\/comments?post=549108"}],"wp:featuredmedia":[{"embeddable":true,"href":"https:\/\/tilefly.com\/fr\/wp-json\/wp\/v2\/media\/548668"}],"wp:attachment":[{"href":"https:\/\/tilefly.com\/fr\/wp-json\/wp\/v2\/media?parent=549108"}],"wp:term":[{"taxonomy":"product_brand","embeddable":true,"href":"https:\/\/tilefly.com\/fr\/wp-json\/wp\/v2\/product_brand?post=549108"},{"taxonomy":"product_cat","embeddable":true,"href":"https:\/\/tilefly.com\/fr\/wp-json\/wp\/v2\/product_cat?post=549108"},{"taxonomy":"product_tag","embeddable":true,"href":"https:\/\/tilefly.com\/fr\/wp-json\/wp\/v2\/product_tag?post=549108"}],"curies":[{"name":"wp","href":"https:\/\/api.w.org\/{rel}","templated":true}]}}