{"id":549100,"date":"2024-12-10T20:34:15","date_gmt":"2024-12-10T19:34:15","guid":{"rendered":"https:\/\/tilefly.com\/producto\/pontes-sky-13x13\/"},"modified":"2024-12-10T20:49:58","modified_gmt":"2024-12-10T19:49:58","slug":"pontes-sky-13x13","status":"publish","type":"product","link":"https:\/\/tilefly.com\/fr\/produit\/pontes-sky-13x13\/","title":{"rendered":"PONTES SKY 13X13"},"content":{"rendered":"<h2><strong>PONTES SKY 13X13<\/strong><\/h2><\/p><p>Le carreau <strong>Pontes Sky 13X13<\/strong>, qui fait partie de la collection <a href=\"https:\/\/tilefly.com\/producto\/fado\/\">Fado<\/a>, se distingue par ses tons gris doux et son \u00e9l\u00e9gant design d\u00e9coratif. Son format carr\u00e9 de 13&#215;13 cm et sa finition brillante apportent fra\u00eecheur et style. <\/p><p>Id\u00e9ale pour la Fa\u00efence dans les cuisines, les salles de bains ou les murs d\u00e9coratifs, sa tonalit\u00e9 gris ciel allie modernit\u00e9 et tradition. Fabriqu\u00e9 en p\u00e2te blanche, ce carreau vous garantit qualit\u00e9 et durabilit\u00e9. <\/p><p>D\u00e9couvrez la s\u00e9rie <a href=\"https:\/\/tilefly.com\/producto\/fado\/\">Fado<\/a> et apportez une touche unique \u00e0 vos projets.<\/p>","protected":false},"excerpt":{"rendered":"<p>PONTES SKY 13X13Le carreau Pontes Sky 13X13, qui fait partie de la collection Fado, se distingue par ses tons gris doux et son \u00e9l\u00e9gant design d\u00e9coratif. Son format carr\u00e9 de 13&#215;13 cm et sa finition brillante apportent fra\u00eecheur et style. Id\u00e9ale pour la Fa\u00efence dans les cuisines, les salles de bains ou les murs d\u00e9coratifs, [&hellip;]<\/p>\n","protected":false},"featured_media":548610,"comment_status":"open","ping_status":"closed","template":"","meta":[],"product_brand":[],"product_cat":[355,356,354],"product_tag":[],"class_list":{"0":"post-549100","1":"product","2":"type-product","3":"status-publish","4":"has-post-thumbnail","6":"product_cat-cuisines","7":"product_cat-faiences","8":"product_cat-carrelage-salle-de-bain","10":"first","11":"instock","12":"shipping-taxable","13":"purchasable","14":"product-type-simple"},"_links":{"self":[{"href":"https:\/\/tilefly.com\/fr\/wp-json\/wp\/v2\/product\/549100","targetHints":{"allow":["GET"]}}],"collection":[{"href":"https:\/\/tilefly.com\/fr\/wp-json\/wp\/v2\/product"}],"about":[{"href":"https:\/\/tilefly.com\/fr\/wp-json\/wp\/v2\/types\/product"}],"replies":[{"embeddable":true,"href":"https:\/\/tilefly.com\/fr\/wp-json\/wp\/v2\/comments?post=549100"}],"wp:featuredmedia":[{"embeddable":true,"href":"https:\/\/tilefly.com\/fr\/wp-json\/wp\/v2\/media\/548610"}],"wp:attachment":[{"href":"https:\/\/tilefly.com\/fr\/wp-json\/wp\/v2\/media?parent=549100"}],"wp:term":[{"taxonomy":"product_brand","embeddable":true,"href":"https:\/\/tilefly.com\/fr\/wp-json\/wp\/v2\/product_brand?post=549100"},{"taxonomy":"product_cat","embeddable":true,"href":"https:\/\/tilefly.com\/fr\/wp-json\/wp\/v2\/product_cat?post=549100"},{"taxonomy":"product_tag","embeddable":true,"href":"https:\/\/tilefly.com\/fr\/wp-json\/wp\/v2\/product_tag?post=549100"}],"curies":[{"name":"wp","href":"https:\/\/api.w.org\/{rel}","templated":true}]}}