{"id":549089,"date":"2024-12-10T20:34:05","date_gmt":"2024-12-10T19:34:05","guid":{"rendered":"https:\/\/tilefly.com\/producto\/pontes-beige-13x13\/"},"modified":"2024-12-10T20:49:52","modified_gmt":"2024-12-10T19:49:52","slug":"pontes-beige-13x13","status":"publish","type":"product","link":"https:\/\/tilefly.com\/fr\/produit\/pontes-beige-13x13\/","title":{"rendered":"PONTES BEIGE 13X13"},"content":{"rendered":"<h2><strong>PONTES BEIGE 13X13<\/strong><\/h2><\/p><p>Le carreau <strong>Pontes Beige 13X13<\/strong>, qui fait partie de la collection <a href=\"https:\/\/tilefly.com\/producto\/fado\/\">Fado<\/a>, se distingue par sa chaleur et son raffinement. Son format carr\u00e9 de 13&#215;13 cm et sa finition brillante sont parfaits pour cr\u00e9er des atmosph\u00e8res douces et naturelles. <\/p><p>Le ton beige est id\u00e9al pour les int\u00e9rieurs qui cherchent \u00e0 transmettre la s\u00e9r\u00e9nit\u00e9 et l&#8217;\u00e9l\u00e9gance, que ce soit dans les cuisines, les salles de bains ou les murs d\u00e9coratifs. R\u00e9alis\u00e9 en p\u00e2te blanche, ce carreau allie qualit\u00e9 et design intemporel. <\/p><p>D\u00e9couvrez la s\u00e9rie <a href=\"https:\/\/tilefly.com\/producto\/fado\/\">Fado<\/a> et ajoutez une touche de tradition portugaise \u00e0 vos espaces.<\/p>","protected":false},"excerpt":{"rendered":"<p>PONTES BEIGE 13X13Le carreau Pontes Beige 13X13, qui fait partie de la collection Fado, se distingue par sa chaleur et son raffinement. Son format carr\u00e9 de 13&#215;13 cm et sa finition brillante sont parfaits pour cr\u00e9er des atmosph\u00e8res douces et naturelles. Le ton beige est id\u00e9al pour les int\u00e9rieurs qui cherchent \u00e0 transmettre la s\u00e9r\u00e9nit\u00e9 [&hellip;]<\/p>\n","protected":false},"featured_media":548584,"comment_status":"open","ping_status":"closed","template":"","meta":[],"product_brand":[],"product_cat":[355,356,354],"product_tag":[],"class_list":{"0":"post-549089","1":"product","2":"type-product","3":"status-publish","4":"has-post-thumbnail","6":"product_cat-cuisines","7":"product_cat-faiences","8":"product_cat-carrelage-salle-de-bain","10":"first","11":"instock","12":"shipping-taxable","13":"purchasable","14":"product-type-simple"},"_links":{"self":[{"href":"https:\/\/tilefly.com\/fr\/wp-json\/wp\/v2\/product\/549089","targetHints":{"allow":["GET"]}}],"collection":[{"href":"https:\/\/tilefly.com\/fr\/wp-json\/wp\/v2\/product"}],"about":[{"href":"https:\/\/tilefly.com\/fr\/wp-json\/wp\/v2\/types\/product"}],"replies":[{"embeddable":true,"href":"https:\/\/tilefly.com\/fr\/wp-json\/wp\/v2\/comments?post=549089"}],"wp:featuredmedia":[{"embeddable":true,"href":"https:\/\/tilefly.com\/fr\/wp-json\/wp\/v2\/media\/548584"}],"wp:attachment":[{"href":"https:\/\/tilefly.com\/fr\/wp-json\/wp\/v2\/media?parent=549089"}],"wp:term":[{"taxonomy":"product_brand","embeddable":true,"href":"https:\/\/tilefly.com\/fr\/wp-json\/wp\/v2\/product_brand?post=549089"},{"taxonomy":"product_cat","embeddable":true,"href":"https:\/\/tilefly.com\/fr\/wp-json\/wp\/v2\/product_cat?post=549089"},{"taxonomy":"product_tag","embeddable":true,"href":"https:\/\/tilefly.com\/fr\/wp-json\/wp\/v2\/product_tag?post=549089"}],"curies":[{"name":"wp","href":"https:\/\/api.w.org\/{rel}","templated":true}]}}