{"id":549043,"date":"2024-12-10T20:31:47","date_gmt":"2024-12-10T19:31:47","guid":{"rendered":"https:\/\/tilefly.com\/producto\/fado-acqua-65x13\/"},"modified":"2024-12-10T20:49:19","modified_gmt":"2024-12-10T19:49:19","slug":"fado-acqua-65x13","status":"publish","type":"product","link":"https:\/\/tilefly.com\/fr\/produit\/fado-acqua-65x13\/","title":{"rendered":"FADO ACQUA 6,5X13"},"content":{"rendered":"<h2><strong>FADO ACQUA 6,5X13<\/strong><\/h2><\/p><p>Le carreau <strong>Fado Acqua 6,5X13<\/strong>, qui fait partie de la collection <a href=\"https:\/\/tilefly.com\/producto\/fado\/\">Fado<\/a>, \u00e9voque la s\u00e9r\u00e9nit\u00e9 des tons aquatiques dans un design compact et d\u00e9coratif. Sa finition brillante et son format de 6,5&#215;13 cm le rendent id\u00e9al pour recouvrir les murs d&#8217;une touche fra\u00eeche et unique. <\/p><p>La teinte aqua s&#8217;inspire de la nature, apportant fra\u00eecheur et style intemporel \u00e0 tout espace. Fabriqu\u00e9 en p\u00e2te blanche, ce carreau allie qualit\u00e9 et durabilit\u00e9, ce qui en fait un choix exceptionnel pour les int\u00e9rieurs qui cherchent \u00e0 se d\u00e9marquer. <\/p><p>Plongez dans la tradition c\u00e9ramique portugaise avec la s\u00e9rie <a href=\"https:\/\/tilefly.com\/producto\/fado\/\">Fado<\/a> et cr\u00e9ez des environnements pleins de vie et d&#8217;\u00e9l\u00e9gance.<\/p>","protected":false},"excerpt":{"rendered":"<p>FADO ACQUA 6,5X13Le carreau Fado Acqua 6,5X13, qui fait partie de la collection Fado, \u00e9voque la s\u00e9r\u00e9nit\u00e9 des tons aquatiques dans un design compact et d\u00e9coratif. Sa finition brillante et son format de 6,5&#215;13 cm le rendent id\u00e9al pour recouvrir les murs d&#8217;une touche fra\u00eeche et unique. La teinte aqua s&#8217;inspire de la nature, apportant [&hellip;]<\/p>\n","protected":false},"featured_media":548181,"comment_status":"open","ping_status":"closed","template":"","meta":[],"product_brand":[],"product_cat":[355,356,354],"product_tag":[],"class_list":{"0":"post-549043","1":"product","2":"type-product","3":"status-publish","4":"has-post-thumbnail","6":"product_cat-cuisines","7":"product_cat-faiences","8":"product_cat-carrelage-salle-de-bain","10":"first","11":"instock","12":"shipping-taxable","13":"purchasable","14":"product-type-simple"},"_links":{"self":[{"href":"https:\/\/tilefly.com\/fr\/wp-json\/wp\/v2\/product\/549043","targetHints":{"allow":["GET"]}}],"collection":[{"href":"https:\/\/tilefly.com\/fr\/wp-json\/wp\/v2\/product"}],"about":[{"href":"https:\/\/tilefly.com\/fr\/wp-json\/wp\/v2\/types\/product"}],"replies":[{"embeddable":true,"href":"https:\/\/tilefly.com\/fr\/wp-json\/wp\/v2\/comments?post=549043"}],"wp:featuredmedia":[{"embeddable":true,"href":"https:\/\/tilefly.com\/fr\/wp-json\/wp\/v2\/media\/548181"}],"wp:attachment":[{"href":"https:\/\/tilefly.com\/fr\/wp-json\/wp\/v2\/media?parent=549043"}],"wp:term":[{"taxonomy":"product_brand","embeddable":true,"href":"https:\/\/tilefly.com\/fr\/wp-json\/wp\/v2\/product_brand?post=549043"},{"taxonomy":"product_cat","embeddable":true,"href":"https:\/\/tilefly.com\/fr\/wp-json\/wp\/v2\/product_cat?post=549043"},{"taxonomy":"product_tag","embeddable":true,"href":"https:\/\/tilefly.com\/fr\/wp-json\/wp\/v2\/product_tag?post=549043"}],"curies":[{"name":"wp","href":"https:\/\/api.w.org\/{rel}","templated":true}]}}