{"id":549024,"date":"2024-12-10T08:45:24","date_gmt":"2024-12-10T07:45:24","guid":{"rendered":"https:\/\/tilefly.com\/producto\/talent-pearl-mt-60x60-rect\/"},"modified":"2024-12-10T20:48:59","modified_gmt":"2024-12-10T19:48:59","slug":"talent-pearl-mt-60x60-rect","status":"publish","type":"product","link":"https:\/\/tilefly.com\/fr\/produit\/talent-pearl-mt-60x60-rect\/","title":{"rendered":"TALENT PEARL MT 60X60 RECT."},"content":{"rendered":"<div class=\"woocommerce-tabs wc-tabs-wrapper\"><div id=\"tab-description\" class=\"woocommerce-Tabs-panel woocommerce-Tabs-panel--description panel entry-content wc-tab\" role=\"tabpanel\" aria-labelledby=\"tab-title-description\"><p>Ce carreau de la s\u00e9rie TALENT au format 60\u00d760 est un gr\u00e8s c\u00e9rame de masse color\u00e9 de couleur blanche en finition mate. Id\u00e9al pour donner une touche moderne et \u00e9l\u00e9gante \u00e0 n&#8217;importe quel espace.<\/p><\/div><\/div><div class=\"info-tecnica\"><\/div>","protected":false},"excerpt":{"rendered":"<p>Ce carreau de la s\u00e9rie TALENT au format 60\u00d760 est un gr\u00e8s c\u00e9rame de masse color\u00e9 de couleur blanche en finition mate. Id\u00e9al pour donner une touche moderne et \u00e9l\u00e9gante \u00e0 n&#8217;importe quel espace.<\/p>\n","protected":false},"featured_media":548111,"comment_status":"closed","ping_status":"closed","template":"","meta":[],"product_brand":[],"product_cat":[353,355,356,354,357],"product_tag":[],"class_list":{"0":"post-549024","1":"product","2":"type-product","3":"status-publish","4":"has-post-thumbnail","6":"product_cat-carrelage","7":"product_cat-cuisines","8":"product_cat-faiences","9":"product_cat-carrelage-salle-de-bain","10":"product_cat-carrelage-salon","12":"first","13":"instock","14":"shipping-taxable","15":"purchasable","16":"product-type-simple"},"_links":{"self":[{"href":"https:\/\/tilefly.com\/fr\/wp-json\/wp\/v2\/product\/549024","targetHints":{"allow":["GET"]}}],"collection":[{"href":"https:\/\/tilefly.com\/fr\/wp-json\/wp\/v2\/product"}],"about":[{"href":"https:\/\/tilefly.com\/fr\/wp-json\/wp\/v2\/types\/product"}],"replies":[{"embeddable":true,"href":"https:\/\/tilefly.com\/fr\/wp-json\/wp\/v2\/comments?post=549024"}],"wp:featuredmedia":[{"embeddable":true,"href":"https:\/\/tilefly.com\/fr\/wp-json\/wp\/v2\/media\/548111"}],"wp:attachment":[{"href":"https:\/\/tilefly.com\/fr\/wp-json\/wp\/v2\/media?parent=549024"}],"wp:term":[{"taxonomy":"product_brand","embeddable":true,"href":"https:\/\/tilefly.com\/fr\/wp-json\/wp\/v2\/product_brand?post=549024"},{"taxonomy":"product_cat","embeddable":true,"href":"https:\/\/tilefly.com\/fr\/wp-json\/wp\/v2\/product_cat?post=549024"},{"taxonomy":"product_tag","embeddable":true,"href":"https:\/\/tilefly.com\/fr\/wp-json\/wp\/v2\/product_tag?post=549024"}],"curies":[{"name":"wp","href":"https:\/\/api.w.org\/{rel}","templated":true}]}}