{"id":549021,"date":"2024-11-15T15:45:12","date_gmt":"2024-11-15T14:45:12","guid":{"rendered":"https:\/\/tilefly.com\/producto\/stavro-white-matt-rect-60x120\/"},"modified":"2024-12-10T20:48:58","modified_gmt":"2024-12-10T19:48:58","slug":"stavro-white-matt-rect-60x120","status":"publish","type":"product","link":"https:\/\/tilefly.com\/fr\/produit\/stavro-white-matt-rect-60x120\/","title":{"rendered":"STAVRO WHITE MATT RECT 60X120"},"content":{"rendered":"<h2><strong>STAVRO BLANC MAT RECT 60X120<\/strong><\/h2><\/p><p>Apportez s\u00e9r\u00e9nit\u00e9 et distinction \u00e0 vos espaces avec <strong>STAVRO WHITE MATT RECT 60X120<\/strong>. Ce carreau de porcelaine en blanc, avec une finition mate, s&#8217;inspire des motifs classiques du marbre arabescato, offrant une solution de rev\u00eatement de sol moderne et polyvalente. <\/p><p>Faisant partie de la collection <a href=\"https:\/\/tilefly.com\/producto\/volterra\/\">Volterra<\/a>, cette pi\u00e8ce capture l&#8217;essence du marbre italien, ce qui en fait un choix id\u00e9al pour les int\u00e9rieurs qui recherchent un \u00e9quilibre entre tradition et modernit\u00e9.<\/p><p>Laissez-vous inspirer par la s\u00e9rie Volterra et cr\u00e9ez des environnements pleins de style et de sophistication.<\/p>","protected":false},"excerpt":{"rendered":"<p>STAVRO BLANC MAT RECT 60X120Apportez s\u00e9r\u00e9nit\u00e9 et distinction \u00e0 vos espaces avec STAVRO WHITE MATT RECT 60X120. Ce carreau de porcelaine en blanc, avec une finition mate, s&#8217;inspire des motifs classiques du marbre arabescato, offrant une solution de rev\u00eatement de sol moderne et polyvalente. Faisant partie de la collection Volterra, cette pi\u00e8ce capture l&#8217;essence du [&hellip;]<\/p>\n","protected":false},"featured_media":546093,"comment_status":"open","ping_status":"closed","template":"","meta":[],"product_brand":[],"product_cat":[353,355,356,354],"product_tag":[],"class_list":{"0":"post-549021","1":"product","2":"type-product","3":"status-publish","4":"has-post-thumbnail","6":"product_cat-carrelage","7":"product_cat-cuisines","8":"product_cat-faiences","9":"product_cat-carrelage-salle-de-bain","11":"first","12":"instock","13":"shipping-taxable","14":"purchasable","15":"product-type-simple"},"_links":{"self":[{"href":"https:\/\/tilefly.com\/fr\/wp-json\/wp\/v2\/product\/549021","targetHints":{"allow":["GET"]}}],"collection":[{"href":"https:\/\/tilefly.com\/fr\/wp-json\/wp\/v2\/product"}],"about":[{"href":"https:\/\/tilefly.com\/fr\/wp-json\/wp\/v2\/types\/product"}],"replies":[{"embeddable":true,"href":"https:\/\/tilefly.com\/fr\/wp-json\/wp\/v2\/comments?post=549021"}],"wp:featuredmedia":[{"embeddable":true,"href":"https:\/\/tilefly.com\/fr\/wp-json\/wp\/v2\/media\/546093"}],"wp:attachment":[{"href":"https:\/\/tilefly.com\/fr\/wp-json\/wp\/v2\/media?parent=549021"}],"wp:term":[{"taxonomy":"product_brand","embeddable":true,"href":"https:\/\/tilefly.com\/fr\/wp-json\/wp\/v2\/product_brand?post=549021"},{"taxonomy":"product_cat","embeddable":true,"href":"https:\/\/tilefly.com\/fr\/wp-json\/wp\/v2\/product_cat?post=549021"},{"taxonomy":"product_tag","embeddable":true,"href":"https:\/\/tilefly.com\/fr\/wp-json\/wp\/v2\/product_tag?post=549021"}],"curies":[{"name":"wp","href":"https:\/\/api.w.org\/{rel}","templated":true}]}}