{"id":549005,"date":"2024-11-15T15:28:43","date_gmt":"2024-11-15T14:28:43","guid":{"rendered":"https:\/\/tilefly.com\/producto\/triana-canela-rect-20x120\/"},"modified":"2024-12-10T20:48:47","modified_gmt":"2024-12-10T19:48:47","slug":"triana-canela-rect-20x120","status":"publish","type":"product","link":"https:\/\/tilefly.com\/fr\/produit\/triana-canela-rect-20x120\/","title":{"rendered":"TRIANA CANELA RECT 20X120"},"content":{"rendered":"<h2><strong>TRIANA CANNELLE RECT 20X120<\/strong><\/h2><\/p><p>Apportez chaleur et style \u00e0 vos sols avec <strong>TRIANA CANELA RECT 20X120<\/strong>. Ce gr\u00e8s c\u00e9rame au ton cannelle et \u00e0 la finition mate imite la texture et le charme du bois, cr\u00e9ant ainsi des espaces cosy pleins de personnalit\u00e9. <\/p><p>Cette pi\u00e8ce, qui fait partie de la collection <a href=\"https:\/\/tilefly.com\/producto\/triana\/\">Triana<\/a>, s&#8217;inspire de l&#8217;art et de la tradition d&#8217;un quartier s\u00e9villan o\u00f9 la c\u00e9ramique et la musique se rencontrent.<\/p><p>Explorez les possibilit\u00e9s de design offertes par la s\u00e9rie Triana et transformez votre int\u00e9rieur avec cette pi\u00e8ce unique.<\/p>","protected":false},"excerpt":{"rendered":"<p>TRIANA CANNELLE RECT 20X120Apportez chaleur et style \u00e0 vos sols avec TRIANA CANELA RECT 20X120. Ce gr\u00e8s c\u00e9rame au ton cannelle et \u00e0 la finition mate imite la texture et le charme du bois, cr\u00e9ant ainsi des espaces cosy pleins de personnalit\u00e9. Cette pi\u00e8ce, qui fait partie de la collection Triana, s&#8217;inspire de l&#8217;art et [&hellip;]<\/p>\n","protected":false},"featured_media":545950,"comment_status":"open","ping_status":"closed","template":"","meta":[],"product_brand":[],"product_cat":[353,355,356,354],"product_tag":[],"class_list":{"0":"post-549005","1":"product","2":"type-product","3":"status-publish","4":"has-post-thumbnail","6":"product_cat-carrelage","7":"product_cat-cuisines","8":"product_cat-faiences","9":"product_cat-carrelage-salle-de-bain","11":"first","12":"outofstock","13":"shipping-taxable","14":"purchasable","15":"product-type-simple"},"_links":{"self":[{"href":"https:\/\/tilefly.com\/fr\/wp-json\/wp\/v2\/product\/549005","targetHints":{"allow":["GET"]}}],"collection":[{"href":"https:\/\/tilefly.com\/fr\/wp-json\/wp\/v2\/product"}],"about":[{"href":"https:\/\/tilefly.com\/fr\/wp-json\/wp\/v2\/types\/product"}],"replies":[{"embeddable":true,"href":"https:\/\/tilefly.com\/fr\/wp-json\/wp\/v2\/comments?post=549005"}],"wp:featuredmedia":[{"embeddable":true,"href":"https:\/\/tilefly.com\/fr\/wp-json\/wp\/v2\/media\/545950"}],"wp:attachment":[{"href":"https:\/\/tilefly.com\/fr\/wp-json\/wp\/v2\/media?parent=549005"}],"wp:term":[{"taxonomy":"product_brand","embeddable":true,"href":"https:\/\/tilefly.com\/fr\/wp-json\/wp\/v2\/product_brand?post=549005"},{"taxonomy":"product_cat","embeddable":true,"href":"https:\/\/tilefly.com\/fr\/wp-json\/wp\/v2\/product_cat?post=549005"},{"taxonomy":"product_tag","embeddable":true,"href":"https:\/\/tilefly.com\/fr\/wp-json\/wp\/v2\/product_tag?post=549005"}],"curies":[{"name":"wp","href":"https:\/\/api.w.org\/{rel}","templated":true}]}}